{"id":14918,"date":"2024-10-08T17:22:02","date_gmt":"2024-10-08T15:22:02","guid":{"rendered":"https:\/\/www.carseatsandparts.com\/?post_type=product&#038;p=14918"},"modified":"2026-05-06T16:08:20","modified_gmt":"2026-05-06T14:08:20","slug":"renault-trafic-3-zitting","status":"publish","type":"product","link":"https:\/\/www.carseatsandparts.com\/es\/product\/renault-trafic-3-zitting\/","title":{"rendered":"Renault Trafic \/ Opel Vivaro \/ Nissan Primaster \/ Fiat Talento A\u00f1o de fabricaci\u00f3n 2014 - 2019"},"content":{"rendered":"","protected":false},"excerpt":{"rendered":"Schuimdeel geschikt voor de zitting van de Renault Trafic \/ Opel Vivaro \/ Nissan Primaster \/ Fiat Talento. Bouwjaar 2014 &#8211; 2019\r\n\r\n<strong>Pieza de espuma para Renault Trafic \/ Opel Vivaro \/ Nissan Primaster \/ Fiat Talento<\/strong>\r\n\r\nLa pieza de espuma para Renault Trafic \/ Opel Vivaro \/ Nissan Primaster \/ Fiat Talento es una soluci\u00f3n ideal para restaurar el soporte y la comodidad del asiento de su coche. Si su pieza de espuma actual est\u00e1 desgastada por a\u00f1os de uso o simplemente ya no proporciona el apoyo deseado, esta pieza de espuma de repuesto le ayudar\u00e1 a restaurar su asiento a las mejores condiciones.","protected":false},"featured_media":14919,"comment_status":"open","ping_status":"closed","template":"","meta":{"_acf_changed":false},"product_brand":[1942,2000,2040,1651],"product_cat":[2820,2841,177],"product_tag":[2335,1650,1937,1947,2333,2334,1944],"class_list":{"0":"post-14918","1":"product","2":"type-product","3":"status-publish","4":"has-post-thumbnail","6":"product_brand-fiat","7":"product_brand-nissan","8":"product_brand-opel","9":"product_brand-renault","10":"product_cat-bedrijfswagens","11":"product_cat-schuimdelen-voor-bedrijfswagens","12":"product_cat-zitting","13":"product_tag-nv300","14":"product_tag-renault","15":"product_tag-schuimdeel","16":"product_tag-talento","17":"product_tag-trafic","18":"product_tag-vivaro","19":"product_tag-zitting","20":"product_shipping_class-onderdelen-console","22":"first","23":"instock","24":"taxable","25":"shipping-taxable","26":"purchasable","27":"product-type-simple"},"composite_virtual":false,"composite_layout":"","composite_add_to_cart_form_location":"","composite_editable_in_cart":false,"composite_sold_individually_context":"","composite_shop_price_calc":"","composite_components":[],"composite_scenarios":[],"exclude_global_add_ons":[],"addons":[],"acf":[],"yoast_head":null,"yoast_head_json":null,"_links":{"self":[{"href":"https:\/\/www.carseatsandparts.com\/es\/wp-json\/wp\/v2\/product\/14918","targetHints":{"allow":["GET"]}}],"collection":[{"href":"https:\/\/www.carseatsandparts.com\/es\/wp-json\/wp\/v2\/product"}],"about":[{"href":"https:\/\/www.carseatsandparts.com\/es\/wp-json\/wp\/v2\/types\/product"}],"replies":[{"embeddable":true,"href":"https:\/\/www.carseatsandparts.com\/es\/wp-json\/wp\/v2\/comments?post=14918"}],"wp:featuredmedia":[{"embeddable":true,"href":"https:\/\/www.carseatsandparts.com\/es\/wp-json\/wp\/v2\/media\/14919"}],"wp:attachment":[{"href":"https:\/\/www.carseatsandparts.com\/es\/wp-json\/wp\/v2\/media?parent=14918"}],"wp:term":[{"taxonomy":"product_brand","embeddable":true,"href":"https:\/\/www.carseatsandparts.com\/es\/wp-json\/wp\/v2\/product_brand?post=14918"},{"taxonomy":"product_cat","embeddable":true,"href":"https:\/\/www.carseatsandparts.com\/es\/wp-json\/wp\/v2\/product_cat?post=14918"},{"taxonomy":"product_tag","embeddable":true,"href":"https:\/\/www.carseatsandparts.com\/es\/wp-json\/wp\/v2\/product_tag?post=14918"}],"curies":[{"name":"wp","href":"https:\/\/api.w.org\/{rel}","templated":true}]}}