{"id":14950,"date":"2024-10-15T09:44:34","date_gmt":"2024-10-15T07:44:34","guid":{"rendered":"https:\/\/www.carseatsandparts.com\/?post_type=product&#038;p=14950"},"modified":"2025-12-18T13:29:39","modified_gmt":"2025-12-18T12:29:39","slug":"daf-isri-volvo-rugleuning-lang","status":"publish","type":"product","link":"https:\/\/www.carseatsandparts.com\/es\/product\/daf-isri-volvo-rugleuning-lang\/","title":{"rendered":"DAF \/ ISRI \/ VOLVO Respaldo (largo)"},"content":{"rendered":"","protected":false},"excerpt":{"rendered":"Pieza de espuma adecuada para el respaldo de DAF \/ ISRI \/ VOLVO\r\n\r\n<strong>Pieza de espuma para DAF \/ ISRI \/ VOLVO<\/strong>\r\n\r\nLa pieza de espuma para DAF \/ ISRI \/ VOLVO es una soluci\u00f3n ideal para restaurar el soporte y el confort de asiento de su veh\u00edculo. Si su pieza de espuma actual est\u00e1 desgastada por a\u00f1os de uso o simplemente ya no proporciona el apoyo deseado, esta pieza de espuma de repuesto le ayudar\u00e1 a restaurar su asiento a las mejores condiciones.","protected":false},"featured_media":14951,"comment_status":"open","ping_status":"closed","template":"","meta":{"_acf_changed":false},"product_brand":[2129,1960,1981],"product_cat":[178],"product_tag":[2126,1959,1930,1937,1979],"class_list":{"0":"post-14950","1":"product","2":"type-product","3":"status-publish","4":"has-post-thumbnail","6":"product_brand-daf","7":"product_brand-isri","8":"product_brand-volvo","9":"product_cat-rugleuning","10":"product_tag-daf","11":"product_tag-isri","12":"product_tag-rugleuning","13":"product_tag-schuimdeel","14":"product_tag-volvo","15":"product_shipping_class-onderdelen-console","17":"first","18":"instock","19":"taxable","20":"shipping-taxable","21":"purchasable","22":"product-type-simple"},"composite_virtual":false,"composite_layout":"","composite_add_to_cart_form_location":"","composite_editable_in_cart":false,"composite_sold_individually_context":"","composite_shop_price_calc":"","composite_components":[],"composite_scenarios":[],"exclude_global_add_ons":[],"addons":[],"acf":[],"yoast_head":null,"yoast_head_json":null,"_links":{"self":[{"href":"https:\/\/www.carseatsandparts.com\/es\/wp-json\/wp\/v2\/product\/14950","targetHints":{"allow":["GET"]}}],"collection":[{"href":"https:\/\/www.carseatsandparts.com\/es\/wp-json\/wp\/v2\/product"}],"about":[{"href":"https:\/\/www.carseatsandparts.com\/es\/wp-json\/wp\/v2\/types\/product"}],"replies":[{"embeddable":true,"href":"https:\/\/www.carseatsandparts.com\/es\/wp-json\/wp\/v2\/comments?post=14950"}],"wp:featuredmedia":[{"embeddable":true,"href":"https:\/\/www.carseatsandparts.com\/es\/wp-json\/wp\/v2\/media\/14951"}],"wp:attachment":[{"href":"https:\/\/www.carseatsandparts.com\/es\/wp-json\/wp\/v2\/media?parent=14950"}],"wp:term":[{"taxonomy":"product_brand","embeddable":true,"href":"https:\/\/www.carseatsandparts.com\/es\/wp-json\/wp\/v2\/product_brand?post=14950"},{"taxonomy":"product_cat","embeddable":true,"href":"https:\/\/www.carseatsandparts.com\/es\/wp-json\/wp\/v2\/product_cat?post=14950"},{"taxonomy":"product_tag","embeddable":true,"href":"https:\/\/www.carseatsandparts.com\/es\/wp-json\/wp\/v2\/product_tag?post=14950"}],"curies":[{"name":"wp","href":"https:\/\/api.w.org\/{rel}","templated":true}]}}