{"id":14958,"date":"2024-10-15T10:20:37","date_gmt":"2024-10-15T08:20:37","guid":{"rendered":"https:\/\/www.carseatsandparts.com\/?post_type=product&#038;p=14958"},"modified":"2026-05-06T14:56:13","modified_gmt":"2026-05-06T12:56:13","slug":"peugeot-expert-3-citroen-jumpy-3","status":"publish","type":"product","link":"https:\/\/www.carseatsandparts.com\/es\/product\/peugeot-expert-3-citroen-jumpy-3\/","title":{"rendered":"Peugeot Expert 3 \/ Citroen jumpy 3 \/ Toyota Proace 3"},"content":{"rendered":"","protected":false},"excerpt":{"rendered":"Pieza de espuma adecuada para el asiento del Peugeot Expert 3 \/ Citroen Jumpy 3 \/ Toyota Proace 3\r\n\r\n<strong>Pieza de espuma para Peugeot Expert 3 \/ Citroen jumpy 3 \/ Toyota Proace 3<\/strong>\r\n\r\nLa pieza de espuma para Peugeot Expert 3 \/ Citroen jumpy 3 \/ Toyota Proace 3 es una soluci\u00f3n ideal para restaurar el soporte y el confort de asiento de su autom\u00f3vil. Si su pieza de espuma actual est\u00e1 desgastada por a\u00f1os de uso o simplemente ya no proporciona el apoyo deseado, esta pieza de espuma de repuesto le ayudar\u00e1 a restaurar su asiento a las mejores condiciones.","protected":false},"featured_media":14959,"comment_status":"open","ping_status":"closed","template":"","meta":{"_acf_changed":false},"product_brand":[1955,1943,1977],"product_cat":[2820,2841,177],"product_tag":[1954,1289,1974,1939,1976,1937,1975,1944],"class_list":{"0":"post-14958","1":"product","2":"type-product","3":"status-publish","4":"has-post-thumbnail","6":"product_brand-citroen","7":"product_brand-peugeot","8":"product_brand-toyota","9":"product_cat-bedrijfswagens","10":"product_cat-schuimdelen-voor-bedrijfswagens","11":"product_cat-zitting","12":"product_tag-citroen","13":"product_tag-expert","14":"product_tag-jumpy","15":"product_tag-peugeot","16":"product_tag-proace","17":"product_tag-schuimdeel","18":"product_tag-toyota","19":"product_tag-zitting","20":"product_shipping_class-onderdelen-console","22":"first","23":"instock","24":"taxable","25":"shipping-taxable","26":"purchasable","27":"product-type-simple"},"composite_virtual":false,"composite_layout":"","composite_add_to_cart_form_location":"","composite_editable_in_cart":false,"composite_sold_individually_context":"","composite_shop_price_calc":"","composite_components":[],"composite_scenarios":[],"exclude_global_add_ons":[],"addons":[],"acf":[],"yoast_head":null,"yoast_head_json":null,"_links":{"self":[{"href":"https:\/\/www.carseatsandparts.com\/es\/wp-json\/wp\/v2\/product\/14958","targetHints":{"allow":["GET"]}}],"collection":[{"href":"https:\/\/www.carseatsandparts.com\/es\/wp-json\/wp\/v2\/product"}],"about":[{"href":"https:\/\/www.carseatsandparts.com\/es\/wp-json\/wp\/v2\/types\/product"}],"replies":[{"embeddable":true,"href":"https:\/\/www.carseatsandparts.com\/es\/wp-json\/wp\/v2\/comments?post=14958"}],"wp:featuredmedia":[{"embeddable":true,"href":"https:\/\/www.carseatsandparts.com\/es\/wp-json\/wp\/v2\/media\/14959"}],"wp:attachment":[{"href":"https:\/\/www.carseatsandparts.com\/es\/wp-json\/wp\/v2\/media?parent=14958"}],"wp:term":[{"taxonomy":"product_brand","embeddable":true,"href":"https:\/\/www.carseatsandparts.com\/es\/wp-json\/wp\/v2\/product_brand?post=14958"},{"taxonomy":"product_cat","embeddable":true,"href":"https:\/\/www.carseatsandparts.com\/es\/wp-json\/wp\/v2\/product_cat?post=14958"},{"taxonomy":"product_tag","embeddable":true,"href":"https:\/\/www.carseatsandparts.com\/es\/wp-json\/wp\/v2\/product_tag?post=14958"}],"curies":[{"name":"wp","href":"https:\/\/api.w.org\/{rel}","templated":true}]}}