{"id":15359,"date":"2025-01-17T13:25:13","date_gmt":"2025-01-17T12:25:13","guid":{"rendered":"https:\/\/www.carseatsandparts.com\/?post_type=product&#038;p=15359"},"modified":"2026-01-01T23:00:10","modified_gmt":"2026-01-01T22:00:10","slug":"interieur-bmw-2-serie-gran-coupe-m-f44-leder-alcantara-zwart-blauw","status":"publish","type":"product","link":"https:\/\/www.carseatsandparts.com\/es\/product\/interieur-bmw-2-serie-gran-coupe-m-f44-leder-alcantara-zwart-blauw\/","title":{"rendered":"Interior BMW Serie 2 Gran Coup\u00e9 M (F44) Cuero\/Alc\u00e1ntara negro\/azul"},"content":{"rendered":"","protected":false},"excerpt":{"rendered":"Interior BMW Serie 2 Gran Coup\u00e9 M (F44) acabado en una combinaci\u00f3n de cuero negro y Alcantara con costuras azules. Instalaci\u00f3n Plug and Play en un BMW serie 2 (F44). El interior proviene de un coche de demostraci\u00f3n y por lo tanto est\u00e1 como nuevo, aparte de algunos da\u00f1os leves de usuario y desmontaje, que se pueden ver en las fotos.\r\n\r\nCaracter\u00edsticas: gu\u00edas de deslizamiento manuales, ajuste el\u00e9ctrico de altura y \u00e1ngulo, ajuste el\u00e9ctrico del respaldo, extensi\u00f3n manual de la superficie del asiento, funci\u00f3n de memoria y calefacci\u00f3n del asiento. Airbags y cinturones de seguridad est\u00e1n presentes con este interior y todav\u00eda en estado original.","protected":false},"featured_media":17383,"comment_status":"open","ping_status":"closed","template":"","meta":{"_acf_changed":false},"product_brand":[1486],"product_cat":[1356,115],"product_tag":[2262,983,2261,972,984],"class_list":{"0":"post-15359","1":"product","2":"type-product","3":"status-publish","4":"has-post-thumbnail","6":"product_brand-bmw","7":"product_cat-bmw","8":"product_cat-demo-interieurs","9":"product_tag-2262","10":"product_tag-bmw","11":"product_tag-f44","12":"product_tag-interieur","13":"product_tag-m2","14":"product_shipping_class-auto-interieurs","16":"first","17":"instock","18":"taxable","19":"shipping-taxable","20":"purchasable","21":"product-type-simple"},"composite_virtual":false,"composite_layout":"","composite_add_to_cart_form_location":"","composite_editable_in_cart":false,"composite_sold_individually_context":"","composite_shop_price_calc":"","composite_components":[],"composite_scenarios":[],"exclude_global_add_ons":[],"addons":[],"acf":[],"yoast_head":null,"yoast_head_json":null,"_links":{"self":[{"href":"https:\/\/www.carseatsandparts.com\/es\/wp-json\/wp\/v2\/product\/15359","targetHints":{"allow":["GET"]}}],"collection":[{"href":"https:\/\/www.carseatsandparts.com\/es\/wp-json\/wp\/v2\/product"}],"about":[{"href":"https:\/\/www.carseatsandparts.com\/es\/wp-json\/wp\/v2\/types\/product"}],"replies":[{"embeddable":true,"href":"https:\/\/www.carseatsandparts.com\/es\/wp-json\/wp\/v2\/comments?post=15359"}],"wp:featuredmedia":[{"embeddable":true,"href":"https:\/\/www.carseatsandparts.com\/es\/wp-json\/wp\/v2\/media\/17383"}],"wp:attachment":[{"href":"https:\/\/www.carseatsandparts.com\/es\/wp-json\/wp\/v2\/media?parent=15359"}],"wp:term":[{"taxonomy":"product_brand","embeddable":true,"href":"https:\/\/www.carseatsandparts.com\/es\/wp-json\/wp\/v2\/product_brand?post=15359"},{"taxonomy":"product_cat","embeddable":true,"href":"https:\/\/www.carseatsandparts.com\/es\/wp-json\/wp\/v2\/product_cat?post=15359"},{"taxonomy":"product_tag","embeddable":true,"href":"https:\/\/www.carseatsandparts.com\/es\/wp-json\/wp\/v2\/product_tag?post=15359"}],"curies":[{"name":"wp","href":"https:\/\/api.w.org\/{rel}","templated":true}]}}