{"id":15485,"date":"2025-01-20T13:28:46","date_gmt":"2025-01-20T12:28:46","guid":{"rendered":"https:\/\/www.carseatsandparts.com\/?post_type=product&#038;p=15485"},"modified":"2025-01-22T11:23:59","modified_gmt":"2025-01-22T10:23:59","slug":"schakelaar-rugleuningverstelling-24v","status":"publish","type":"product","link":"https:\/\/www.carseatsandparts.com\/es\/producto\/schakelaar-rugleuningverstelling-24v\/","title":{"rendered":"Interruptor de ajuste del respaldo 24V"},"content":{"rendered":"","protected":false},"excerpt":{"rendered":"Interruptor 24V para ajustar el respaldo del asiento de cami\u00f3n RECARO Profi RN y Sigus. N\u00famero de art\u00edculo: 360209","protected":false},"featured_media":15486,"comment_status":"open","ping_status":"closed","template":"","meta":{"_acf_changed":false},"product_brand":[1284],"product_cat":[117],"product_tag":[2266,946],"class_list":{"0":"post-15485","1":"product","2":"type-product","3":"status-publish","4":"has-post-thumbnail","6":"product_brand-recaro","7":"product_cat-autostoel-onderdelen","8":"product_tag-2266","9":"product_tag-recaro","10":"product_shipping_class-onderdelen-buspakje","12":"first","13":"instock","14":"taxable","15":"shipping-taxable","16":"purchasable","17":"product-type-simple"},"composite_virtual":false,"composite_layout":"","composite_add_to_cart_form_location":"","composite_editable_in_cart":false,"composite_sold_individually_context":"","composite_shop_price_calc":"","composite_components":[],"composite_scenarios":[],"exclude_global_add_ons":[],"addons":[],"acf":[],"yoast_head":null,"yoast_head_json":null,"_links":{"self":[{"href":"https:\/\/www.carseatsandparts.com\/es\/wp-json\/wp\/v2\/product\/15485","targetHints":{"allow":["GET"]}}],"collection":[{"href":"https:\/\/www.carseatsandparts.com\/es\/wp-json\/wp\/v2\/product"}],"about":[{"href":"https:\/\/www.carseatsandparts.com\/es\/wp-json\/wp\/v2\/types\/product"}],"replies":[{"embeddable":true,"href":"https:\/\/www.carseatsandparts.com\/es\/wp-json\/wp\/v2\/comments?post=15485"}],"wp:featuredmedia":[{"embeddable":true,"href":"https:\/\/www.carseatsandparts.com\/es\/wp-json\/wp\/v2\/media\/15486"}],"wp:attachment":[{"href":"https:\/\/www.carseatsandparts.com\/es\/wp-json\/wp\/v2\/media?parent=15485"}],"wp:term":[{"taxonomy":"product_brand","embeddable":true,"href":"https:\/\/www.carseatsandparts.com\/es\/wp-json\/wp\/v2\/product_brand?post=15485"},{"taxonomy":"product_cat","embeddable":true,"href":"https:\/\/www.carseatsandparts.com\/es\/wp-json\/wp\/v2\/product_cat?post=15485"},{"taxonomy":"product_tag","embeddable":true,"href":"https:\/\/www.carseatsandparts.com\/es\/wp-json\/wp\/v2\/product_tag?post=15485"}],"curies":[{"name":"wp","href":"https:\/\/api.w.org\/{rel}","templated":true}]}}