{"id":15548,"date":"2025-01-27T09:11:14","date_gmt":"2025-01-27T08:11:14","guid":{"rendered":"https:\/\/www.carseatsandparts.com\/?post_type=product&#038;p=15548"},"modified":"2025-08-01T08:43:25","modified_gmt":"2025-08-01T06:43:25","slug":"interieur-vw-golf-8-r-stof-alcantara-leder-zwart-grijs","status":"publish","type":"product","link":"https:\/\/www.carseatsandparts.com\/es\/product\/interieur-vw-golf-8-r-stof-alcantara-leder-zwart-grijs\/","title":{"rendered":"Interior VW Golf 8 R Tela\/Alc\u00e1ntara\/Piel Negro\/Gris"},"content":{"rendered":"","protected":false},"excerpt":{"rendered":"Interior Volkswagen Golf 8 R acabado en tela\/Alc\u00e1ntara\/cuero negro\/gris con costuras blancas y logotipo R. Instalaci\u00f3n plug and play en un Golf 8. El interior proviene de un coche de demostraci\u00f3n y por lo tanto es tan bueno como nuevo, aparte de algunos da\u00f1os de usuario y desmontaje de luz que se puede ver en las fotos.\r\n\r\nCaracter\u00edsticas: ajuste manual de altura y \u00e1ngulo, soporte lumbar manual, ajuste manual del respaldo y calefacci\u00f3n del asiento. Airbags y cinturones de seguridad est\u00e1n presentes con este interior y todav\u00eda en estado original.","protected":false},"featured_media":17391,"comment_status":"open","ping_status":"closed","template":"","meta":{"_acf_changed":false},"product_brand":[1294],"product_cat":[115,1355],"product_tag":[2325,974,2327,972,973],"class_list":{"0":"post-15548","1":"product","2":"type-product","3":"status-publish","4":"has-post-thumbnail","6":"product_brand-volkswagen","7":"product_cat-demo-interieurs","8":"product_cat-volkswagen","9":"product_tag-2325","10":"product_tag-golf-8","11":"product_tag-golf-8-r","12":"product_tag-interieur","13":"product_tag-volkswagen","14":"product_shipping_class-auto-interieurs","16":"first","17":"outofstock","18":"taxable","19":"shipping-taxable","20":"purchasable","21":"product-type-simple"},"composite_virtual":false,"composite_layout":"","composite_add_to_cart_form_location":"","composite_editable_in_cart":false,"composite_sold_individually_context":"","composite_shop_price_calc":"","composite_components":[],"composite_scenarios":[],"exclude_global_add_ons":[],"addons":[],"acf":[],"yoast_head":null,"yoast_head_json":null,"_links":{"self":[{"href":"https:\/\/www.carseatsandparts.com\/es\/wp-json\/wp\/v2\/product\/15548","targetHints":{"allow":["GET"]}}],"collection":[{"href":"https:\/\/www.carseatsandparts.com\/es\/wp-json\/wp\/v2\/product"}],"about":[{"href":"https:\/\/www.carseatsandparts.com\/es\/wp-json\/wp\/v2\/types\/product"}],"replies":[{"embeddable":true,"href":"https:\/\/www.carseatsandparts.com\/es\/wp-json\/wp\/v2\/comments?post=15548"}],"wp:featuredmedia":[{"embeddable":true,"href":"https:\/\/www.carseatsandparts.com\/es\/wp-json\/wp\/v2\/media\/17391"}],"wp:attachment":[{"href":"https:\/\/www.carseatsandparts.com\/es\/wp-json\/wp\/v2\/media?parent=15548"}],"wp:term":[{"taxonomy":"product_brand","embeddable":true,"href":"https:\/\/www.carseatsandparts.com\/es\/wp-json\/wp\/v2\/product_brand?post=15548"},{"taxonomy":"product_cat","embeddable":true,"href":"https:\/\/www.carseatsandparts.com\/es\/wp-json\/wp\/v2\/product_cat?post=15548"},{"taxonomy":"product_tag","embeddable":true,"href":"https:\/\/www.carseatsandparts.com\/es\/wp-json\/wp\/v2\/product_tag?post=15548"}],"curies":[{"name":"wp","href":"https:\/\/api.w.org\/{rel}","templated":true}]}}