{"id":15626,"date":"2025-02-07T08:52:25","date_gmt":"2025-02-07T07:52:25","guid":{"rendered":"https:\/\/www.carseatsandparts.com\/?post_type=product&#038;p=15626"},"modified":"2025-12-19T14:27:03","modified_gmt":"2025-12-19T13:27:03","slug":"ford-transit-zitting-bouwjaar-2013-heden","status":"publish","type":"product","link":"https:\/\/www.carseatsandparts.com\/es\/product\/ford-transit-zitting-bouwjaar-2013-heden\/","title":{"rendered":"Asiento Ford Transit A\u00f1o de construcci\u00f3n. 2013 - Presente"},"content":{"rendered":"","protected":false},"excerpt":{"rendered":"Ford Transit zitting Bouwjaar. 2013 &#8211; Heden\r\n\r\n<strong>Pieza de espuma para Ford Transit<\/strong>\r\n\r\nLa pieza de espuma para Ford Transit es una soluci\u00f3n ideal para restaurar el soporte y la comodidad de asiento de su veh\u00edculo. Si su pieza de espuma actual est\u00e1 desgastada por a\u00f1os de uso o simplemente ya no proporciona el apoyo deseado, esta pieza de espuma de repuesto le ayudar\u00e1 a restaurar su asiento a las mejores condiciones.","protected":false},"featured_media":15644,"comment_status":"open","ping_status":"closed","template":"","meta":{"_acf_changed":false},"product_brand":[],"product_cat":[2820,2841,177],"product_tag":[1377,1937,1948,1944],"class_list":{"0":"post-15626","1":"product","2":"type-product","3":"status-publish","4":"has-post-thumbnail","6":"product_cat-bedrijfswagens","7":"product_cat-schuimdelen-voor-bedrijfswagens","8":"product_cat-zitting","9":"product_tag-ford","10":"product_tag-schuimdeel","11":"product_tag-transit","12":"product_tag-zitting","13":"product_shipping_class-onderdelen-console","15":"first","16":"instock","17":"taxable","18":"shipping-taxable","19":"purchasable","20":"product-type-simple"},"composite_virtual":false,"composite_layout":"","composite_add_to_cart_form_location":"","composite_editable_in_cart":false,"composite_sold_individually_context":"","composite_shop_price_calc":"","composite_components":[],"composite_scenarios":[],"exclude_global_add_ons":[],"addons":[],"acf":[],"yoast_head":null,"yoast_head_json":null,"_links":{"self":[{"href":"https:\/\/www.carseatsandparts.com\/es\/wp-json\/wp\/v2\/product\/15626","targetHints":{"allow":["GET"]}}],"collection":[{"href":"https:\/\/www.carseatsandparts.com\/es\/wp-json\/wp\/v2\/product"}],"about":[{"href":"https:\/\/www.carseatsandparts.com\/es\/wp-json\/wp\/v2\/types\/product"}],"replies":[{"embeddable":true,"href":"https:\/\/www.carseatsandparts.com\/es\/wp-json\/wp\/v2\/comments?post=15626"}],"wp:featuredmedia":[{"embeddable":true,"href":"https:\/\/www.carseatsandparts.com\/es\/wp-json\/wp\/v2\/media\/15644"}],"wp:attachment":[{"href":"https:\/\/www.carseatsandparts.com\/es\/wp-json\/wp\/v2\/media?parent=15626"}],"wp:term":[{"taxonomy":"product_brand","embeddable":true,"href":"https:\/\/www.carseatsandparts.com\/es\/wp-json\/wp\/v2\/product_brand?post=15626"},{"taxonomy":"product_cat","embeddable":true,"href":"https:\/\/www.carseatsandparts.com\/es\/wp-json\/wp\/v2\/product_cat?post=15626"},{"taxonomy":"product_tag","embeddable":true,"href":"https:\/\/www.carseatsandparts.com\/es\/wp-json\/wp\/v2\/product_tag?post=15626"}],"curies":[{"name":"wp","href":"https:\/\/api.w.org\/{rel}","templated":true}]}}