{"id":15629,"date":"2025-02-07T11:36:33","date_gmt":"2025-02-07T10:36:33","guid":{"rendered":"https:\/\/www.carseatsandparts.com\/?post_type=product&#038;p=15629"},"modified":"2026-05-06T12:37:39","modified_gmt":"2026-05-06T10:37:39","slug":"mercedes-sprinter-bouwjaar-2020-heden","status":"publish","type":"product","link":"https:\/\/www.carseatsandparts.com\/es\/product\/mercedes-sprinter-bouwjaar-2020-heden\/","title":{"rendered":"Mercedes Sprinter Bouwjaar 2020 - Presente"},"content":{"rendered":"","protected":false},"excerpt":{"rendered":"Schuimdeel geschikt voor de zitting van de Mercedes Sprinter Bouwjaar 2020 &#8211; Heden\r\n\r\n<strong>Pieza de espuma para Mercedes Sprinter<\/strong>\r\n\r\nLa pieza de espuma para Mercedes Sprinter es una soluci\u00f3n ideal para restaurar el soporte y la comodidad de asiento de su autom\u00f3vil. Si su pieza de espuma actual est\u00e1 desgastada por a\u00f1os de uso o simplemente ya no proporciona el apoyo deseado, esta pieza de espuma de repuesto le ayudar\u00e1 a restaurar su asiento a las mejores condiciones.","protected":false},"featured_media":15646,"comment_status":"open","ping_status":"closed","template":"","meta":{"_acf_changed":false},"product_brand":[1938],"product_cat":[2820,2841,177],"product_tag":[1644,1937,1646,1944],"class_list":{"0":"post-15629","1":"product","2":"type-product","3":"status-publish","4":"has-post-thumbnail","6":"product_brand-mercedes","7":"product_cat-bedrijfswagens","8":"product_cat-schuimdelen-voor-bedrijfswagens","9":"product_cat-zitting","10":"product_tag-mercedes-benz","11":"product_tag-schuimdeel","12":"product_tag-sprinter","13":"product_tag-zitting","14":"product_shipping_class-onderdelen-console","16":"first","17":"instock","18":"taxable","19":"shipping-taxable","20":"purchasable","21":"product-type-simple"},"composite_virtual":false,"composite_layout":"","composite_add_to_cart_form_location":"","composite_editable_in_cart":false,"composite_sold_individually_context":"","composite_shop_price_calc":"","composite_components":[],"composite_scenarios":[],"exclude_global_add_ons":[],"addons":[],"acf":[],"yoast_head":null,"yoast_head_json":null,"_links":{"self":[{"href":"https:\/\/www.carseatsandparts.com\/es\/wp-json\/wp\/v2\/product\/15629","targetHints":{"allow":["GET"]}}],"collection":[{"href":"https:\/\/www.carseatsandparts.com\/es\/wp-json\/wp\/v2\/product"}],"about":[{"href":"https:\/\/www.carseatsandparts.com\/es\/wp-json\/wp\/v2\/types\/product"}],"replies":[{"embeddable":true,"href":"https:\/\/www.carseatsandparts.com\/es\/wp-json\/wp\/v2\/comments?post=15629"}],"wp:featuredmedia":[{"embeddable":true,"href":"https:\/\/www.carseatsandparts.com\/es\/wp-json\/wp\/v2\/media\/15646"}],"wp:attachment":[{"href":"https:\/\/www.carseatsandparts.com\/es\/wp-json\/wp\/v2\/media?parent=15629"}],"wp:term":[{"taxonomy":"product_brand","embeddable":true,"href":"https:\/\/www.carseatsandparts.com\/es\/wp-json\/wp\/v2\/product_brand?post=15629"},{"taxonomy":"product_cat","embeddable":true,"href":"https:\/\/www.carseatsandparts.com\/es\/wp-json\/wp\/v2\/product_cat?post=15629"},{"taxonomy":"product_tag","embeddable":true,"href":"https:\/\/www.carseatsandparts.com\/es\/wp-json\/wp\/v2\/product_tag?post=15629"}],"curies":[{"name":"wp","href":"https:\/\/api.w.org\/{rel}","templated":true}]}}