{"id":15631,"date":"2025-02-07T12:27:37","date_gmt":"2025-02-07T11:27:37","guid":{"rendered":"https:\/\/www.carseatsandparts.com\/?post_type=product&#038;p=15631"},"modified":"2026-05-06T15:14:14","modified_gmt":"2026-05-06T13:14:14","slug":"porsche-911-27-zitting-bouwjaar-1974-1979","status":"publish","type":"product","link":"https:\/\/www.carseatsandparts.com\/es\/product\/porsche-911-27-zitting-bouwjaar-1974-1979\/","title":{"rendered":"Porsche 911 2.7 Seat A\u00f1o 1974 - 1979"},"content":{"rendered":"","protected":false},"excerpt":{"rendered":"Schuimdeel voor de zitting van een Porsche 911 2,7 Zitting Bouwjaar 1974 &#8211; 1979\r\n\r\n<strong>Pieza de espuma para Porsche 911 2.7<\/strong>\r\n\r\nLa pieza de espuma para Porsche 911 2.7 es una soluci\u00f3n ideal para restaurar el soporte y la comodidad del asiento de su coche. Si su pieza de espuma actual est\u00e1 desgastada por a\u00f1os de uso o simplemente ya no proporciona el apoyo deseado, esta pieza de espuma de repuesto le ayudar\u00e1 a restaurar su asiento a las mejores condiciones.","protected":false},"featured_media":15648,"comment_status":"open","ping_status":"closed","template":"","meta":{"_acf_changed":false},"product_brand":[2161],"product_cat":[1358,177],"product_tag":[2344,979,1937,1944],"class_list":{"0":"post-15631","1":"product","2":"type-product","3":"status-publish","4":"has-post-thumbnail","6":"product_brand-porsche","7":"product_cat-porsche","8":"product_cat-zitting","9":"product_tag-2-7","10":"product_tag-porsche","11":"product_tag-schuimdeel","12":"product_tag-zitting","13":"product_shipping_class-onderdelen-console","15":"first","16":"instock","17":"taxable","18":"shipping-taxable","19":"purchasable","20":"product-type-simple"},"composite_virtual":false,"composite_layout":"","composite_add_to_cart_form_location":"","composite_editable_in_cart":false,"composite_sold_individually_context":"","composite_shop_price_calc":"","composite_components":[],"composite_scenarios":[],"exclude_global_add_ons":[],"addons":[],"acf":[],"yoast_head":null,"yoast_head_json":null,"_links":{"self":[{"href":"https:\/\/www.carseatsandparts.com\/es\/wp-json\/wp\/v2\/product\/15631","targetHints":{"allow":["GET"]}}],"collection":[{"href":"https:\/\/www.carseatsandparts.com\/es\/wp-json\/wp\/v2\/product"}],"about":[{"href":"https:\/\/www.carseatsandparts.com\/es\/wp-json\/wp\/v2\/types\/product"}],"replies":[{"embeddable":true,"href":"https:\/\/www.carseatsandparts.com\/es\/wp-json\/wp\/v2\/comments?post=15631"}],"wp:featuredmedia":[{"embeddable":true,"href":"https:\/\/www.carseatsandparts.com\/es\/wp-json\/wp\/v2\/media\/15648"}],"wp:attachment":[{"href":"https:\/\/www.carseatsandparts.com\/es\/wp-json\/wp\/v2\/media?parent=15631"}],"wp:term":[{"taxonomy":"product_brand","embeddable":true,"href":"https:\/\/www.carseatsandparts.com\/es\/wp-json\/wp\/v2\/product_brand?post=15631"},{"taxonomy":"product_cat","embeddable":true,"href":"https:\/\/www.carseatsandparts.com\/es\/wp-json\/wp\/v2\/product_cat?post=15631"},{"taxonomy":"product_tag","embeddable":true,"href":"https:\/\/www.carseatsandparts.com\/es\/wp-json\/wp\/v2\/product_tag?post=15631"}],"curies":[{"name":"wp","href":"https:\/\/api.w.org\/{rel}","templated":true}]}}