{"id":15876,"date":"2025-02-20T16:27:51","date_gmt":"2025-02-20T15:27:51","guid":{"rendered":"https:\/\/www.carseatsandparts.com\/?post_type=product&#038;p=15876"},"modified":"2026-05-04T16:24:53","modified_gmt":"2026-05-04T14:24:53","slug":"mercedes-atego-zitting","status":"publish","type":"product","link":"https:\/\/www.carseatsandparts.com\/es\/product\/mercedes-atego-zitting\/","title":{"rendered":"Asiento Mercedes Atego"},"content":{"rendered":"","protected":false},"excerpt":{"rendered":"Pieza de espuma adecuada para el asiento del Mercedes Atego\r\n\r\n<strong>Pieza de espuma para Mercedes Atego<\/strong>\r\nLa pieza de espuma para Mercedes Atego es una soluci\u00f3n ideal para restaurar el soporte y la comodidad del asiento de su coche. Si su pieza de espuma actual est\u00e1 desgastada por a\u00f1os de uso o simplemente ya no proporciona el apoyo deseado, esta pieza de espuma de repuesto le ayudar\u00e1 a restaurar su asiento a las mejores condiciones.\r\n\r\n&nbsp;","protected":false},"featured_media":18032,"comment_status":"open","ping_status":"closed","template":"","meta":{"_acf_changed":false},"product_brand":[1938],"product_cat":[177],"product_tag":[2370,1644,1937],"class_list":{"0":"post-15876","1":"product","2":"type-product","3":"status-publish","4":"has-post-thumbnail","6":"product_brand-mercedes","7":"product_cat-zitting","8":"product_tag-atego","9":"product_tag-mercedes-benz","10":"product_tag-schuimdeel","11":"product_shipping_class-onderdelen-console","13":"first","14":"instock","15":"taxable","16":"shipping-taxable","17":"purchasable","18":"product-type-simple"},"composite_virtual":false,"composite_layout":"","composite_add_to_cart_form_location":"","composite_editable_in_cart":false,"composite_sold_individually_context":"","composite_shop_price_calc":"","composite_components":[],"composite_scenarios":[],"exclude_global_add_ons":[],"addons":[],"acf":[],"yoast_head":null,"yoast_head_json":null,"_links":{"self":[{"href":"https:\/\/www.carseatsandparts.com\/es\/wp-json\/wp\/v2\/product\/15876","targetHints":{"allow":["GET"]}}],"collection":[{"href":"https:\/\/www.carseatsandparts.com\/es\/wp-json\/wp\/v2\/product"}],"about":[{"href":"https:\/\/www.carseatsandparts.com\/es\/wp-json\/wp\/v2\/types\/product"}],"replies":[{"embeddable":true,"href":"https:\/\/www.carseatsandparts.com\/es\/wp-json\/wp\/v2\/comments?post=15876"}],"wp:featuredmedia":[{"embeddable":true,"href":"https:\/\/www.carseatsandparts.com\/es\/wp-json\/wp\/v2\/media\/18032"}],"wp:attachment":[{"href":"https:\/\/www.carseatsandparts.com\/es\/wp-json\/wp\/v2\/media?parent=15876"}],"wp:term":[{"taxonomy":"product_brand","embeddable":true,"href":"https:\/\/www.carseatsandparts.com\/es\/wp-json\/wp\/v2\/product_brand?post=15876"},{"taxonomy":"product_cat","embeddable":true,"href":"https:\/\/www.carseatsandparts.com\/es\/wp-json\/wp\/v2\/product_cat?post=15876"},{"taxonomy":"product_tag","embeddable":true,"href":"https:\/\/www.carseatsandparts.com\/es\/wp-json\/wp\/v2\/product_tag?post=15876"}],"curies":[{"name":"wp","href":"https:\/\/api.w.org\/{rel}","templated":true}]}}