{"id":15900,"date":"2025-02-21T14:43:19","date_gmt":"2025-02-21T13:43:19","guid":{"rendered":"https:\/\/www.carseatsandparts.com\/?post_type=product&#038;p=15900"},"modified":"2025-03-10T10:50:11","modified_gmt":"2025-03-10T09:50:11","slug":"schuimdeel-rugleuning-bmw-2002-links","status":"publish","type":"product","link":"https:\/\/www.carseatsandparts.com\/es\/product\/schuimdeel-rugleuning-bmw-2002-links\/","title":{"rendered":"Espuma parte Respaldo BMW 2002 Izquierda"},"content":{"rendered":"","protected":false},"excerpt":{"rendered":"Pieza de espuma para el respaldo de un BMW 2002 izquierda\r\n\r\n<strong>Pieza de espuma para BMW 2002<\/strong>\r\n\r\nLa pieza de espuma para BMW 2002 es una soluci\u00f3n ideal para restaurar el soporte y la comodidad de asiento de su autom\u00f3vil. Si su pieza de espuma actual est\u00e1 desgastada por a\u00f1os de uso o simplemente ya no proporciona el apoyo deseado, esta pieza de espuma de repuesto le ayudar\u00e1 a restaurar su asiento a las mejores condiciones.","protected":false},"featured_media":15901,"comment_status":"open","ping_status":"closed","template":"","meta":{"_acf_changed":false},"product_brand":[],"product_cat":[1356,178],"product_tag":[2389,983],"class_list":{"0":"post-15900","1":"product","2":"type-product","3":"status-publish","4":"has-post-thumbnail","6":"product_cat-bmw","7":"product_cat-rugleuning","8":"product_tag-2389","9":"product_tag-bmw","10":"product_shipping_class-onderdelen-console","12":"first","13":"instock","14":"taxable","15":"shipping-taxable","16":"purchasable","17":"product-type-simple"},"composite_virtual":false,"composite_layout":"","composite_add_to_cart_form_location":"","composite_editable_in_cart":false,"composite_sold_individually_context":"","composite_shop_price_calc":"","composite_components":[],"composite_scenarios":[],"exclude_global_add_ons":[],"addons":[],"acf":[],"yoast_head":null,"yoast_head_json":null,"_links":{"self":[{"href":"https:\/\/www.carseatsandparts.com\/es\/wp-json\/wp\/v2\/product\/15900","targetHints":{"allow":["GET"]}}],"collection":[{"href":"https:\/\/www.carseatsandparts.com\/es\/wp-json\/wp\/v2\/product"}],"about":[{"href":"https:\/\/www.carseatsandparts.com\/es\/wp-json\/wp\/v2\/types\/product"}],"replies":[{"embeddable":true,"href":"https:\/\/www.carseatsandparts.com\/es\/wp-json\/wp\/v2\/comments?post=15900"}],"wp:featuredmedia":[{"embeddable":true,"href":"https:\/\/www.carseatsandparts.com\/es\/wp-json\/wp\/v2\/media\/15901"}],"wp:attachment":[{"href":"https:\/\/www.carseatsandparts.com\/es\/wp-json\/wp\/v2\/media?parent=15900"}],"wp:term":[{"taxonomy":"product_brand","embeddable":true,"href":"https:\/\/www.carseatsandparts.com\/es\/wp-json\/wp\/v2\/product_brand?post=15900"},{"taxonomy":"product_cat","embeddable":true,"href":"https:\/\/www.carseatsandparts.com\/es\/wp-json\/wp\/v2\/product_cat?post=15900"},{"taxonomy":"product_tag","embeddable":true,"href":"https:\/\/www.carseatsandparts.com\/es\/wp-json\/wp\/v2\/product_tag?post=15900"}],"curies":[{"name":"wp","href":"https:\/\/api.w.org\/{rel}","templated":true}]}}