{"id":16184,"date":"2025-04-14T10:19:55","date_gmt":"2025-04-14T08:19:55","guid":{"rendered":"https:\/\/www.carseatsandparts.com\/?post_type=product&#038;p=16184"},"modified":"2025-07-03T09:32:39","modified_gmt":"2025-07-03T07:32:39","slug":"recaro-pole-position-abe-carbon-leder-zwart","status":"publish","type":"product","link":"https:\/\/www.carseatsandparts.com\/es\/product\/recaro-pole-position-abe-carbon-leder-zwart\/","title":{"rendered":"RECARO Pole Position ABE Cuero Carbono Negro"},"content":{"rendered":"","protected":false},"excerpt":{"rendered":"El RECARO Pole Position ABE Carbon es, acabado en cuero completo y equipado con una carcasa de carbono ultraligero y r\u00edgido. El asiento viene con un adaptador de aluminio RECARO y combina la m\u00e1xima calidad con un aspecto exclusivo. N\u00famero de art\u00edculo: 071.48.0422.","protected":false},"featured_media":16565,"comment_status":"open","ping_status":"closed","template":"","meta":{"_acf_changed":false},"product_brand":[1284],"product_cat":[187,1359],"product_tag":[2448,2426,1345,2443,946],"class_list":{"0":"post-16184","1":"product","2":"type-product","3":"status-publish","4":"has-post-thumbnail","6":"product_brand-recaro","7":"product_cat-demo-autostoelen","8":"product_cat-recaro","9":"product_tag-071-48-0422","10":"product_tag-carbon","11":"product_tag-pole-position-abe","12":"product_tag-racekuip","13":"product_tag-recaro","14":"product_shipping_class-auto-stoelen","16":"first","17":"outofstock","18":"taxable","19":"shipping-taxable","20":"purchasable","21":"product-type-simple"},"composite_virtual":false,"composite_layout":"","composite_add_to_cart_form_location":"","composite_editable_in_cart":false,"composite_sold_individually_context":"","composite_shop_price_calc":"","composite_components":[],"composite_scenarios":[],"exclude_global_add_ons":[],"addons":[],"acf":[],"yoast_head":null,"yoast_head_json":null,"_links":{"self":[{"href":"https:\/\/www.carseatsandparts.com\/es\/wp-json\/wp\/v2\/product\/16184","targetHints":{"allow":["GET"]}}],"collection":[{"href":"https:\/\/www.carseatsandparts.com\/es\/wp-json\/wp\/v2\/product"}],"about":[{"href":"https:\/\/www.carseatsandparts.com\/es\/wp-json\/wp\/v2\/types\/product"}],"replies":[{"embeddable":true,"href":"https:\/\/www.carseatsandparts.com\/es\/wp-json\/wp\/v2\/comments?post=16184"}],"wp:featuredmedia":[{"embeddable":true,"href":"https:\/\/www.carseatsandparts.com\/es\/wp-json\/wp\/v2\/media\/16565"}],"wp:attachment":[{"href":"https:\/\/www.carseatsandparts.com\/es\/wp-json\/wp\/v2\/media?parent=16184"}],"wp:term":[{"taxonomy":"product_brand","embeddable":true,"href":"https:\/\/www.carseatsandparts.com\/es\/wp-json\/wp\/v2\/product_brand?post=16184"},{"taxonomy":"product_cat","embeddable":true,"href":"https:\/\/www.carseatsandparts.com\/es\/wp-json\/wp\/v2\/product_cat?post=16184"},{"taxonomy":"product_tag","embeddable":true,"href":"https:\/\/www.carseatsandparts.com\/es\/wp-json\/wp\/v2\/product_tag?post=16184"}],"curies":[{"name":"wp","href":"https:\/\/api.w.org\/{rel}","templated":true}]}}