{"id":16628,"date":"2025-05-27T09:18:54","date_gmt":"2025-05-27T07:18:54","guid":{"rendered":"https:\/\/www.carseatsandparts.com\/?post_type=product&#038;p=16628"},"modified":"2026-01-08T09:14:52","modified_gmt":"2026-01-08T08:14:52","slug":"sparco-adv-prime-8862-stoel","status":"publish","type":"product","link":"https:\/\/www.carseatsandparts.com\/es\/producto\/sparco-adv-prime-8862-stoel\/","title":{"rendered":"Silla Sparco ADV Prime 8862"},"content":{"rendered":"","protected":false},"excerpt":{"rendered":"El nuevo asiento ADV de Sparco, desarrollado en colaboraci\u00f3n con M-Sport. El asiento presenta un nuevo uso del tejido k-point, un coj\u00edn de longitud completa con soporte separado para las piernas, un nuevo dise\u00f1o de tapicer\u00eda, un forro de tejido autoextinguible, acolchado de absorci\u00f3n de energ\u00eda aprobado por la FIA y fijaci\u00f3n lateral M12 con separaci\u00f3n de 290 mm.","protected":false},"featured_media":16631,"comment_status":"open","ping_status":"closed","template":"","meta":{"_acf_changed":false},"product_brand":[2524],"product_cat":[2518,2519,2520],"product_tag":[2209,2523],"class_list":{"0":"post-16628","1":"product","2":"type-product","3":"status-publish","4":"has-post-thumbnail","6":"product_brand-sparco","7":"product_cat-motorsport","8":"product_cat-racekuipen","9":"product_cat-sparco","10":"product_tag-motorsport","11":"product_tag-sparco","12":"product_shipping_class-auto-stoelen","14":"first","15":"instock","16":"sale","17":"taxable","18":"shipping-taxable","19":"purchasable","20":"product-type-simple"},"composite_virtual":false,"composite_layout":"","composite_add_to_cart_form_location":"","composite_editable_in_cart":false,"composite_sold_individually_context":"","composite_shop_price_calc":"","composite_components":[],"composite_scenarios":[],"exclude_global_add_ons":[],"addons":[],"acf":[],"yoast_head":null,"yoast_head_json":null,"_links":{"self":[{"href":"https:\/\/www.carseatsandparts.com\/es\/wp-json\/wp\/v2\/product\/16628","targetHints":{"allow":["GET"]}}],"collection":[{"href":"https:\/\/www.carseatsandparts.com\/es\/wp-json\/wp\/v2\/product"}],"about":[{"href":"https:\/\/www.carseatsandparts.com\/es\/wp-json\/wp\/v2\/types\/product"}],"replies":[{"embeddable":true,"href":"https:\/\/www.carseatsandparts.com\/es\/wp-json\/wp\/v2\/comments?post=16628"}],"wp:featuredmedia":[{"embeddable":true,"href":"https:\/\/www.carseatsandparts.com\/es\/wp-json\/wp\/v2\/media\/16631"}],"wp:attachment":[{"href":"https:\/\/www.carseatsandparts.com\/es\/wp-json\/wp\/v2\/media?parent=16628"}],"wp:term":[{"taxonomy":"product_brand","embeddable":true,"href":"https:\/\/www.carseatsandparts.com\/es\/wp-json\/wp\/v2\/product_brand?post=16628"},{"taxonomy":"product_cat","embeddable":true,"href":"https:\/\/www.carseatsandparts.com\/es\/wp-json\/wp\/v2\/product_cat?post=16628"},{"taxonomy":"product_tag","embeddable":true,"href":"https:\/\/www.carseatsandparts.com\/es\/wp-json\/wp\/v2\/product_tag?post=16628"}],"curies":[{"name":"wp","href":"https:\/\/api.w.org\/{rel}","templated":true}]}}