{"id":16637,"date":"2025-05-27T09:29:25","date_gmt":"2025-05-27T07:29:25","guid":{"rendered":"https:\/\/www.carseatsandparts.com\/?post_type=product&#038;p=16637"},"modified":"2026-01-08T09:15:48","modified_gmt":"2026-01-08T08:15:48","slug":"sparco-adv-xt","status":"publish","type":"product","link":"https:\/\/www.carseatsandparts.com\/es\/producto\/sparco-adv-xt\/","title":{"rendered":"Sparco ADV XT"},"content":{"rendered":"","protected":false},"excerpt":{"rendered":"El asiento de gama alta de Sparco cumple con las \u00faltimas especificaciones FIA 8862-2009 (Advanced Racing Seat). Se trata del asiento FIA 8862 m\u00e1s ligero jam\u00e1s fabricado por Sparco. Este proceso de fabricaci\u00f3n utiliza mucha menos resina durante el autoclave, dejando un porcentaje mucho mayor de carbono puro en la carcasa acabada. El sistema de protecci\u00f3n IA (Impact Absorbing) proporciona una mejor protecci\u00f3n en caso de impacto severo. El ADV XT tiene tejido autoextinguible y es un asiento perfecto para cockpits con espacio interno limitado, como los coches GT.","protected":false},"featured_media":16640,"comment_status":"open","ping_status":"closed","template":"","meta":{"_acf_changed":false},"product_brand":[2524],"product_cat":[2518,2519,2520],"product_tag":[2209,2523],"class_list":{"0":"post-16637","1":"product","2":"type-product","3":"status-publish","4":"has-post-thumbnail","6":"product_brand-sparco","7":"product_cat-motorsport","8":"product_cat-racekuipen","9":"product_cat-sparco","10":"product_tag-motorsport","11":"product_tag-sparco","12":"product_shipping_class-auto-stoelen","14":"first","15":"instock","16":"sale","17":"taxable","18":"shipping-taxable","19":"purchasable","20":"product-type-simple"},"composite_virtual":false,"composite_layout":"","composite_add_to_cart_form_location":"","composite_editable_in_cart":false,"composite_sold_individually_context":"","composite_shop_price_calc":"","composite_components":[],"composite_scenarios":[],"exclude_global_add_ons":[],"addons":[],"acf":[],"yoast_head":null,"yoast_head_json":null,"_links":{"self":[{"href":"https:\/\/www.carseatsandparts.com\/es\/wp-json\/wp\/v2\/product\/16637","targetHints":{"allow":["GET"]}}],"collection":[{"href":"https:\/\/www.carseatsandparts.com\/es\/wp-json\/wp\/v2\/product"}],"about":[{"href":"https:\/\/www.carseatsandparts.com\/es\/wp-json\/wp\/v2\/types\/product"}],"replies":[{"embeddable":true,"href":"https:\/\/www.carseatsandparts.com\/es\/wp-json\/wp\/v2\/comments?post=16637"}],"wp:featuredmedia":[{"embeddable":true,"href":"https:\/\/www.carseatsandparts.com\/es\/wp-json\/wp\/v2\/media\/16640"}],"wp:attachment":[{"href":"https:\/\/www.carseatsandparts.com\/es\/wp-json\/wp\/v2\/media?parent=16637"}],"wp:term":[{"taxonomy":"product_brand","embeddable":true,"href":"https:\/\/www.carseatsandparts.com\/es\/wp-json\/wp\/v2\/product_brand?post=16637"},{"taxonomy":"product_cat","embeddable":true,"href":"https:\/\/www.carseatsandparts.com\/es\/wp-json\/wp\/v2\/product_cat?post=16637"},{"taxonomy":"product_tag","embeddable":true,"href":"https:\/\/www.carseatsandparts.com\/es\/wp-json\/wp\/v2\/product_tag?post=16637"}],"curies":[{"name":"wp","href":"https:\/\/api.w.org\/{rel}","templated":true}]}}