{"id":16668,"date":"2025-05-27T10:05:02","date_gmt":"2025-05-27T08:05:02","guid":{"rendered":"https:\/\/www.carseatsandparts.com\/?post_type=product&#038;p=16668"},"modified":"2026-01-08T09:19:08","modified_gmt":"2026-01-08T08:19:08","slug":"sparco-matrix","status":"publish","type":"product","link":"https:\/\/www.carseatsandparts.com\/es\/product\/sparco-matrix\/","title":{"rendered":"Sparco Matrix"},"content":{"rendered":"","protected":false},"excerpt":{"rendered":"La nueva silla Sparco Matrix ha sido desarrollada de acuerdo con la nueva normativa t\u00e9cnica 8855-2021. La silla tiene una placa de refuerzo especial con matriz de nido de abeja y est\u00e1 acabada con una laca con nueva tecnolog\u00eda semitransparente. Se ha dise\u00f1ado para mejorar la ergonom\u00eda utilizando el maniqu\u00ed SAE. La nueva silla Sparco Matrix ha sido desarrollada de acuerdo con la nueva normativa t\u00e9cnica 8855-2021. La silla tiene una placa de refuerzo especial con matriz de nido de abeja y est\u00e1 acabada con una laca con nueva tecnolog\u00eda semitransparente. Se ha dise\u00f1ado para mejorar la ergonom\u00eda utilizando el maniqu\u00ed SAE. La silla se beneficia de una nueva tecnolog\u00eda de construcci\u00f3n eficiente.\r\n\r\nHomologada por la FIA 8855-2021 (s\u00f3lo cuando se utiliza con las fijaciones laterales correctas (004926)","protected":false},"featured_media":16671,"comment_status":"open","ping_status":"closed","template":"","meta":{"_acf_changed":false},"product_brand":[2524],"product_cat":[2518,2519,2520],"product_tag":[2209,2523],"class_list":{"0":"post-16668","1":"product","2":"type-product","3":"status-publish","4":"has-post-thumbnail","6":"product_brand-sparco","7":"product_cat-motorsport","8":"product_cat-racekuipen","9":"product_cat-sparco","10":"product_tag-motorsport","11":"product_tag-sparco","12":"product_shipping_class-auto-stoelen","14":"first","15":"instock","16":"sale","17":"taxable","18":"shipping-taxable","19":"purchasable","20":"product-type-simple"},"composite_virtual":false,"composite_layout":"","composite_add_to_cart_form_location":"","composite_editable_in_cart":false,"composite_sold_individually_context":"","composite_shop_price_calc":"","composite_components":[],"composite_scenarios":[],"exclude_global_add_ons":[],"addons":[],"acf":[],"yoast_head":null,"yoast_head_json":null,"_links":{"self":[{"href":"https:\/\/www.carseatsandparts.com\/es\/wp-json\/wp\/v2\/product\/16668","targetHints":{"allow":["GET"]}}],"collection":[{"href":"https:\/\/www.carseatsandparts.com\/es\/wp-json\/wp\/v2\/product"}],"about":[{"href":"https:\/\/www.carseatsandparts.com\/es\/wp-json\/wp\/v2\/types\/product"}],"replies":[{"embeddable":true,"href":"https:\/\/www.carseatsandparts.com\/es\/wp-json\/wp\/v2\/comments?post=16668"}],"wp:featuredmedia":[{"embeddable":true,"href":"https:\/\/www.carseatsandparts.com\/es\/wp-json\/wp\/v2\/media\/16671"}],"wp:attachment":[{"href":"https:\/\/www.carseatsandparts.com\/es\/wp-json\/wp\/v2\/media?parent=16668"}],"wp:term":[{"taxonomy":"product_brand","embeddable":true,"href":"https:\/\/www.carseatsandparts.com\/es\/wp-json\/wp\/v2\/product_brand?post=16668"},{"taxonomy":"product_cat","embeddable":true,"href":"https:\/\/www.carseatsandparts.com\/es\/wp-json\/wp\/v2\/product_cat?post=16668"},{"taxonomy":"product_tag","embeddable":true,"href":"https:\/\/www.carseatsandparts.com\/es\/wp-json\/wp\/v2\/product_tag?post=16668"}],"curies":[{"name":"wp","href":"https:\/\/api.w.org\/{rel}","templated":true}]}}