{"id":16707,"date":"2025-05-27T10:45:00","date_gmt":"2025-05-27T08:45:00","guid":{"rendered":"https:\/\/www.carseatsandparts.com\/?post_type=product&#038;p=16707"},"modified":"2026-01-08T09:29:25","modified_gmt":"2026-01-08T08:29:25","slug":"sparco-circuit-qrt","status":"publish","type":"product","link":"https:\/\/www.carseatsandparts.com\/es\/producto\/sparco-circuit-qrt\/","title":{"rendered":"Sparco CIRCUITO QRT"},"content":{"rendered":"","protected":false},"excerpt":{"rendered":"El Sparco Circuit QRT es el asiento de cubo con protecci\u00f3n para la cabeza m\u00e1s econ\u00f3mico de la gama Sparco. El Circuit QRT tiene un asiento profundo y por lo tanto proporciona mucho apoyo. Equipado con material antideslizante alrededor de los hombros y en el coj\u00edn del asiento.\r\n<ul>\r\n \t<li>FIA 8855-1999<\/li>\r\n \t<li>Material del casco: fibra de vidrio QRT<\/li>\r\n \t<li>Peso de la b\u00e1scula: 7,1 kg.<\/li>\r\n \t<li>Peso silla completa: 8,6 kg.<\/li>\r\n \t<li>Apto para sistema FHR: s\u00ed<\/li>\r\n \t<li>Tipo de fijaci\u00f3n: lateral, distancia 290 mm.<\/li>\r\n<\/ul>","protected":false},"featured_media":16709,"comment_status":"open","ping_status":"closed","template":"","meta":{"_acf_changed":false},"product_brand":[2524],"product_cat":[2518,2519,2520],"product_tag":[2209,2523],"class_list":{"0":"post-16707","1":"product","2":"type-product","3":"status-publish","4":"has-post-thumbnail","6":"product_brand-sparco","7":"product_cat-motorsport","8":"product_cat-racekuipen","9":"product_cat-sparco","10":"product_tag-motorsport","11":"product_tag-sparco","12":"product_shipping_class-auto-stoelen","14":"first","15":"instock","16":"sale","17":"taxable","18":"shipping-taxable","19":"purchasable","20":"product-type-simple"},"composite_virtual":false,"composite_layout":"","composite_add_to_cart_form_location":"","composite_editable_in_cart":false,"composite_sold_individually_context":"","composite_shop_price_calc":"","composite_components":[],"composite_scenarios":[],"exclude_global_add_ons":[],"addons":[],"acf":[],"yoast_head":null,"yoast_head_json":null,"_links":{"self":[{"href":"https:\/\/www.carseatsandparts.com\/es\/wp-json\/wp\/v2\/product\/16707","targetHints":{"allow":["GET"]}}],"collection":[{"href":"https:\/\/www.carseatsandparts.com\/es\/wp-json\/wp\/v2\/product"}],"about":[{"href":"https:\/\/www.carseatsandparts.com\/es\/wp-json\/wp\/v2\/types\/product"}],"replies":[{"embeddable":true,"href":"https:\/\/www.carseatsandparts.com\/es\/wp-json\/wp\/v2\/comments?post=16707"}],"wp:featuredmedia":[{"embeddable":true,"href":"https:\/\/www.carseatsandparts.com\/es\/wp-json\/wp\/v2\/media\/16709"}],"wp:attachment":[{"href":"https:\/\/www.carseatsandparts.com\/es\/wp-json\/wp\/v2\/media?parent=16707"}],"wp:term":[{"taxonomy":"product_brand","embeddable":true,"href":"https:\/\/www.carseatsandparts.com\/es\/wp-json\/wp\/v2\/product_brand?post=16707"},{"taxonomy":"product_cat","embeddable":true,"href":"https:\/\/www.carseatsandparts.com\/es\/wp-json\/wp\/v2\/product_cat?post=16707"},{"taxonomy":"product_tag","embeddable":true,"href":"https:\/\/www.carseatsandparts.com\/es\/wp-json\/wp\/v2\/product_tag?post=16707"}],"curies":[{"name":"wp","href":"https:\/\/api.w.org\/{rel}","templated":true}]}}