{"id":16716,"date":"2025-05-27T10:51:57","date_gmt":"2025-05-27T08:51:57","guid":{"rendered":"https:\/\/www.carseatsandparts.com\/?post_type=product&#038;p=16716"},"modified":"2026-01-08T09:30:15","modified_gmt":"2026-01-08T08:30:15","slug":"sparco-circuit-carbon","status":"publish","type":"product","link":"https:\/\/www.carseatsandparts.com\/es\/producto\/sparco-circuit-carbon\/","title":{"rendered":"Sparco CIRCUITO CARBONO"},"content":{"rendered":"","protected":false},"excerpt":{"rendered":"El asiento de competici\u00f3n Sparco Circuit Carbon. El dise\u00f1o del Circuit Carbon es el mismo que el del Circuit original, pero los asientos est\u00e1n fabricados con una carcasa de carbono superligera, lo que los hace m\u00e1s seguros y unos 10% m\u00e1s ligeros que las versiones QRT. Incorporan un nuevo tejido antideslizante en los hombros y el coj\u00edn del asiento. El asiento es ideal para las carreras de turismo y rally.\r\n<ul>\r\n \t<li>Aprobado por la FIA 8855-1999<\/li>\r\n \t<li>Carenado de carbono superligero<\/li>\r\n \t<li>Nuevo material antideslizante en hombros y asiento<\/li>\r\n<\/ul>","protected":false},"featured_media":16720,"comment_status":"open","ping_status":"closed","template":"","meta":{"_acf_changed":false},"product_brand":[2524],"product_cat":[2518,2519,2520],"product_tag":[2209,2523],"class_list":{"0":"post-16716","1":"product","2":"type-product","3":"status-publish","4":"has-post-thumbnail","6":"product_brand-sparco","7":"product_cat-motorsport","8":"product_cat-racekuipen","9":"product_cat-sparco","10":"product_tag-motorsport","11":"product_tag-sparco","12":"product_shipping_class-auto-stoelen","14":"first","15":"instock","16":"sale","17":"taxable","18":"shipping-taxable","19":"purchasable","20":"product-type-simple"},"composite_virtual":false,"composite_layout":"","composite_add_to_cart_form_location":"","composite_editable_in_cart":false,"composite_sold_individually_context":"","composite_shop_price_calc":"","composite_components":[],"composite_scenarios":[],"exclude_global_add_ons":[],"addons":[],"acf":[],"yoast_head":null,"yoast_head_json":null,"_links":{"self":[{"href":"https:\/\/www.carseatsandparts.com\/es\/wp-json\/wp\/v2\/product\/16716","targetHints":{"allow":["GET"]}}],"collection":[{"href":"https:\/\/www.carseatsandparts.com\/es\/wp-json\/wp\/v2\/product"}],"about":[{"href":"https:\/\/www.carseatsandparts.com\/es\/wp-json\/wp\/v2\/types\/product"}],"replies":[{"embeddable":true,"href":"https:\/\/www.carseatsandparts.com\/es\/wp-json\/wp\/v2\/comments?post=16716"}],"wp:featuredmedia":[{"embeddable":true,"href":"https:\/\/www.carseatsandparts.com\/es\/wp-json\/wp\/v2\/media\/16720"}],"wp:attachment":[{"href":"https:\/\/www.carseatsandparts.com\/es\/wp-json\/wp\/v2\/media?parent=16716"}],"wp:term":[{"taxonomy":"product_brand","embeddable":true,"href":"https:\/\/www.carseatsandparts.com\/es\/wp-json\/wp\/v2\/product_brand?post=16716"},{"taxonomy":"product_cat","embeddable":true,"href":"https:\/\/www.carseatsandparts.com\/es\/wp-json\/wp\/v2\/product_cat?post=16716"},{"taxonomy":"product_tag","embeddable":true,"href":"https:\/\/www.carseatsandparts.com\/es\/wp-json\/wp\/v2\/product_tag?post=16716"}],"curies":[{"name":"wp","href":"https:\/\/api.w.org\/{rel}","templated":true}]}}