{"id":16746,"date":"2025-05-27T11:14:15","date_gmt":"2025-05-27T09:14:15","guid":{"rendered":"https:\/\/www.carseatsandparts.com\/?post_type=product&#038;p=16746"},"modified":"2026-01-08T09:32:13","modified_gmt":"2026-01-08T08:32:13","slug":"sparco-evo-l-qrt","status":"publish","type":"product","link":"https:\/\/www.carseatsandparts.com\/es\/producto\/sparco-evo-l-qrt\/","title":{"rendered":"Sparco EVO L QRT"},"content":{"rendered":"","protected":false},"excerpt":{"rendered":"La popular gama de asientos Evo ha mejorado a\u00fan m\u00e1s con la introducci\u00f3n de la producci\u00f3n QRT. Este proceso ha reducido significativamente el peso de modo que ahora es de s\u00f3lo 6,8 kg para el Evo de tama\u00f1o est\u00e1ndar.\r\n<ul>\r\n \t<li>Producci\u00f3n QRT para una silla mucho m\u00e1s ligera<\/li>\r\n \t<li>Tallas est\u00e1ndar (Evo) o Evo L y Evo XL para un mayor n\u00famero de conductores<\/li>\r\n \t<li>El material antideslizante en lugares estrat\u00e9gicos reduce los movimientos del cuerpo para mayor comodidad y seguridad<\/li>\r\n<\/ul>\r\nDe Sparco Evo wedstrijdstoelen zijn ontwikkeld in samenwerking met vele vooraanstaande coureurs en teams om een stoel te produceren die bij uitstek geschikt is voor circuitraces maar ook prima te gebruiken is in rallyauto&#8217;s. Het QRT-productieproces in combinatie met de schaalvorm zorgt voor meer stijfheid. Een laag beenkussen en een tweedelig lendenkussen worden gebruikt voor meer comfort.\r\n\r\n<strong>Aprobado por la FIA 8855-1999<\/strong>","protected":false},"featured_media":16750,"comment_status":"open","ping_status":"closed","template":"","meta":{"_acf_changed":false},"product_brand":[2524],"product_cat":[2518,2519,2520],"product_tag":[2209,2523],"class_list":{"0":"post-16746","1":"product","2":"type-product","3":"status-publish","4":"has-post-thumbnail","6":"product_brand-sparco","7":"product_cat-motorsport","8":"product_cat-racekuipen","9":"product_cat-sparco","10":"product_tag-motorsport","11":"product_tag-sparco","12":"product_shipping_class-auto-stoelen","14":"first","15":"instock","16":"sale","17":"taxable","18":"shipping-taxable","19":"purchasable","20":"product-type-simple"},"composite_virtual":false,"composite_layout":"","composite_add_to_cart_form_location":"","composite_editable_in_cart":false,"composite_sold_individually_context":"","composite_shop_price_calc":"","composite_components":[],"composite_scenarios":[],"exclude_global_add_ons":[],"addons":[],"acf":[],"yoast_head":null,"yoast_head_json":null,"_links":{"self":[{"href":"https:\/\/www.carseatsandparts.com\/es\/wp-json\/wp\/v2\/product\/16746","targetHints":{"allow":["GET"]}}],"collection":[{"href":"https:\/\/www.carseatsandparts.com\/es\/wp-json\/wp\/v2\/product"}],"about":[{"href":"https:\/\/www.carseatsandparts.com\/es\/wp-json\/wp\/v2\/types\/product"}],"replies":[{"embeddable":true,"href":"https:\/\/www.carseatsandparts.com\/es\/wp-json\/wp\/v2\/comments?post=16746"}],"wp:featuredmedia":[{"embeddable":true,"href":"https:\/\/www.carseatsandparts.com\/es\/wp-json\/wp\/v2\/media\/16750"}],"wp:attachment":[{"href":"https:\/\/www.carseatsandparts.com\/es\/wp-json\/wp\/v2\/media?parent=16746"}],"wp:term":[{"taxonomy":"product_brand","embeddable":true,"href":"https:\/\/www.carseatsandparts.com\/es\/wp-json\/wp\/v2\/product_brand?post=16746"},{"taxonomy":"product_cat","embeddable":true,"href":"https:\/\/www.carseatsandparts.com\/es\/wp-json\/wp\/v2\/product_cat?post=16746"},{"taxonomy":"product_tag","embeddable":true,"href":"https:\/\/www.carseatsandparts.com\/es\/wp-json\/wp\/v2\/product_tag?post=16746"}],"curies":[{"name":"wp","href":"https:\/\/api.w.org\/{rel}","templated":true}]}}