{"id":16785,"date":"2025-05-27T11:48:11","date_gmt":"2025-05-27T09:48:11","guid":{"rendered":"https:\/\/www.carseatsandparts.com\/?post_type=product&#038;p=16785"},"modified":"2026-01-08T09:35:30","modified_gmt":"2026-01-08T08:35:30","slug":"sparco-pro-2000-qrt","status":"publish","type":"product","link":"https:\/\/www.carseatsandparts.com\/es\/product\/sparco-pro-2000-qrt\/","title":{"rendered":"Sparco Pro 2000 QRT"},"content":{"rendered":"","protected":false},"excerpt":{"rendered":"Esta \u00faltima versi\u00f3n del popular asiento Pro 2000 de Sparco se beneficia ahora del proceso de fabricaci\u00f3n QRT (Quick Resin Tech), lo que se traduce en una importante reducci\u00f3n de peso sin comprometer la rigidez ni la seguridad.\r\n<ul>\r\n \t<li>Proceso de fabricaci\u00f3n QRT para una reducci\u00f3n significativa del peso (s\u00f3lo 8 kg de peso)<\/li>\r\n \t<li>Dise\u00f1o de eficacia probada utilizado por muchos campeones desde 1995<\/li>\r\n \t<li>Cojines laterales m\u00f3viles para un apoyo y confort personalizadosLos soportes laterales profundos y el coj\u00edn bajo mantienen las piernas dentro del armaz\u00f3n para mayor seguridad<\/li>\r\n<\/ul>\r\nEl asiento Pro 2000 de Sparco ha sido l\u00edder desde 1995 y ahora es a\u00fan mejor gracias al proceso de fabricaci\u00f3n QRT. Esto ha reducido el peso del asiento en 1,1 kg en comparaci\u00f3n con el modelo anterior. Se ha utilizado material antideslizante en los hombros y en el coj\u00edn de la base para mantenerle firmemente en su sitio, y los profundos soportes laterales ofrecen un excelente apoyo lateral. El asiento ligeramente m\u00e1s grande en comparaci\u00f3n con otros modelos lo hace m\u00e1s c\u00f3modo y m\u00e1s adecuado para pilotos de rally. Adecuado tanto para montaje lateral como en la base y compatible con todo tipo de dispositivos y arneses FHR.\r\n<strong>Aprobado por la FIA 8855-1999<\/strong>","protected":false},"featured_media":16789,"comment_status":"open","ping_status":"closed","template":"","meta":{"_acf_changed":false},"product_brand":[2524],"product_cat":[2518,2519,2520],"product_tag":[2209,2523],"class_list":{"0":"post-16785","1":"product","2":"type-product","3":"status-publish","4":"has-post-thumbnail","6":"product_brand-sparco","7":"product_cat-motorsport","8":"product_cat-racekuipen","9":"product_cat-sparco","10":"product_tag-motorsport","11":"product_tag-sparco","12":"product_shipping_class-auto-stoelen","14":"first","15":"instock","16":"sale","17":"taxable","18":"shipping-taxable","19":"purchasable","20":"product-type-simple"},"composite_virtual":false,"composite_layout":"","composite_add_to_cart_form_location":"","composite_editable_in_cart":false,"composite_sold_individually_context":"","composite_shop_price_calc":"","composite_components":[],"composite_scenarios":[],"exclude_global_add_ons":[],"addons":[],"acf":[],"yoast_head":null,"yoast_head_json":null,"_links":{"self":[{"href":"https:\/\/www.carseatsandparts.com\/es\/wp-json\/wp\/v2\/product\/16785","targetHints":{"allow":["GET"]}}],"collection":[{"href":"https:\/\/www.carseatsandparts.com\/es\/wp-json\/wp\/v2\/product"}],"about":[{"href":"https:\/\/www.carseatsandparts.com\/es\/wp-json\/wp\/v2\/types\/product"}],"replies":[{"embeddable":true,"href":"https:\/\/www.carseatsandparts.com\/es\/wp-json\/wp\/v2\/comments?post=16785"}],"wp:featuredmedia":[{"embeddable":true,"href":"https:\/\/www.carseatsandparts.com\/es\/wp-json\/wp\/v2\/media\/16789"}],"wp:attachment":[{"href":"https:\/\/www.carseatsandparts.com\/es\/wp-json\/wp\/v2\/media?parent=16785"}],"wp:term":[{"taxonomy":"product_brand","embeddable":true,"href":"https:\/\/www.carseatsandparts.com\/es\/wp-json\/wp\/v2\/product_brand?post=16785"},{"taxonomy":"product_cat","embeddable":true,"href":"https:\/\/www.carseatsandparts.com\/es\/wp-json\/wp\/v2\/product_cat?post=16785"},{"taxonomy":"product_tag","embeddable":true,"href":"https:\/\/www.carseatsandparts.com\/es\/wp-json\/wp\/v2\/product_tag?post=16785"}],"curies":[{"name":"wp","href":"https:\/\/api.w.org\/{rel}","templated":true}]}}