{"id":16802,"date":"2025-05-27T15:52:18","date_gmt":"2025-05-27T13:52:18","guid":{"rendered":"https:\/\/www.carseatsandparts.com\/?post_type=product&#038;p=16802"},"modified":"2026-01-08T09:36:40","modified_gmt":"2026-01-08T08:36:40","slug":"sparco-rev-qrt","status":"publish","type":"product","link":"https:\/\/www.carseatsandparts.com\/es\/producto\/sparco-rev-qrt\/","title":{"rendered":"Sparco REV QRT"},"content":{"rendered":"","protected":false},"excerpt":{"rendered":"El Sparco Rev es un asiento de fibra de vidrio muy popular que ahora es a\u00fan mejor gracias a la introducci\u00f3n del proceso de fabricaci\u00f3n QRT (Quick Resin Tech). Este proceso ha reducido el peso del asiento en 1,9 kg, por lo que ahora s\u00f3lo pesa 7,1 kg. Ideal para aplicaciones en las que el ahorro de peso es primordial.\r\n<ul>\r\n \t<li>QRT fabricado para reducir el peso sin comprometer la seguridad ni la rigidez.<\/li>\r\n \t<li>Asiento escalonado a un precio excelente con homologaci\u00f3n FIA<\/li>\r\n \t<li>El coj\u00edn bajo del asiento ayuda a mantener las piernas dentro de los confines del asiento para mayor seguridad<\/li>\r\n \t<li>El material antideslizante de los hombros ayuda a reducir los movimientos del cuerpo<\/li>\r\n<\/ul>\r\nEl asiento Rev QRT es ideal para carreras y rallyes y se adapta a la mayor\u00eda de los habit\u00e1culos. Las grandes ranuras para el arn\u00e9s trasero permiten una amplia gama de alturas del conductor, y el coj\u00edn de base baja mantiene las piernas del conductor dentro de la carcasa del asiento para una mejor protecci\u00f3n en caso de colisi\u00f3n. El asiento es compatible con todo tipo de dispositivos y arneses FHR.","protected":false},"featured_media":16808,"comment_status":"open","ping_status":"closed","template":"","meta":{"_acf_changed":false},"product_brand":[2524],"product_cat":[2518,2519,2520],"product_tag":[2209,2523],"class_list":{"0":"post-16802","1":"product","2":"type-product","3":"status-publish","4":"has-post-thumbnail","6":"product_brand-sparco","7":"product_cat-motorsport","8":"product_cat-racekuipen","9":"product_cat-sparco","10":"product_tag-motorsport","11":"product_tag-sparco","12":"product_shipping_class-auto-stoelen","14":"first","15":"instock","16":"sale","17":"taxable","18":"shipping-taxable","19":"purchasable","20":"product-type-simple"},"composite_virtual":false,"composite_layout":"","composite_add_to_cart_form_location":"","composite_editable_in_cart":false,"composite_sold_individually_context":"","composite_shop_price_calc":"","composite_components":[],"composite_scenarios":[],"exclude_global_add_ons":[],"addons":[],"acf":[],"yoast_head":null,"yoast_head_json":null,"_links":{"self":[{"href":"https:\/\/www.carseatsandparts.com\/es\/wp-json\/wp\/v2\/product\/16802","targetHints":{"allow":["GET"]}}],"collection":[{"href":"https:\/\/www.carseatsandparts.com\/es\/wp-json\/wp\/v2\/product"}],"about":[{"href":"https:\/\/www.carseatsandparts.com\/es\/wp-json\/wp\/v2\/types\/product"}],"replies":[{"embeddable":true,"href":"https:\/\/www.carseatsandparts.com\/es\/wp-json\/wp\/v2\/comments?post=16802"}],"wp:featuredmedia":[{"embeddable":true,"href":"https:\/\/www.carseatsandparts.com\/es\/wp-json\/wp\/v2\/media\/16808"}],"wp:attachment":[{"href":"https:\/\/www.carseatsandparts.com\/es\/wp-json\/wp\/v2\/media?parent=16802"}],"wp:term":[{"taxonomy":"product_brand","embeddable":true,"href":"https:\/\/www.carseatsandparts.com\/es\/wp-json\/wp\/v2\/product_brand?post=16802"},{"taxonomy":"product_cat","embeddable":true,"href":"https:\/\/www.carseatsandparts.com\/es\/wp-json\/wp\/v2\/product_cat?post=16802"},{"taxonomy":"product_tag","embeddable":true,"href":"https:\/\/www.carseatsandparts.com\/es\/wp-json\/wp\/v2\/product_tag?post=16802"}],"curies":[{"name":"wp","href":"https:\/\/api.w.org\/{rel}","templated":true}]}}