{"id":16863,"date":"2025-06-02T14:19:23","date_gmt":"2025-06-02T12:19:23","guid":{"rendered":"https:\/\/www.carseatsandparts.com\/?post_type=product&#038;p=16863"},"modified":"2026-01-01T23:00:11","modified_gmt":"2026-01-01T22:00:11","slug":"recaro-autostoelen-vw-golf-6-r-leder-zwart","status":"publish","type":"product","link":"https:\/\/www.carseatsandparts.com\/es\/product\/recaro-autostoelen-vw-golf-6-r-leder-zwart\/","title":{"rendered":"Asientos de coche RECARO VW Golf 6 R Cuero Negro"},"content":{"rendered":"","protected":false},"excerpt":{"rendered":"Asientos de coche RECARO para el Volkswagen Golf 6 R acabado en cuero negro completo, plug and play para instalar en un Golf 6. Los asientos de coche son de segunda mano y tienen algunos da\u00f1os leves. Estos son todos los que se muestran en las fotos.\r\n\r\nCaracter\u00edsticas: respaldo abatible, ajuste manual de altura, gu\u00edas de deslizamiento manuales y ajuste manual del respaldo. Los airbags laterales originales todav\u00eda est\u00e1n presentes en este conjunto.","protected":false},"featured_media":16875,"comment_status":"open","ping_status":"closed","template":"","meta":{"_acf_changed":false},"product_brand":[1284,1294],"product_cat":[108,1359,1355],"product_tag":[2259,946,973],"class_list":{"0":"post-16863","1":"product","2":"type-product","3":"status-publish","4":"has-post-thumbnail","6":"product_brand-recaro","7":"product_brand-volkswagen","8":"product_cat-autostoelen","9":"product_cat-recaro","10":"product_cat-volkswagen","11":"product_tag-golf-6-r","12":"product_tag-recaro","13":"product_tag-volkswagen","14":"product_shipping_class-auto-interieurs","16":"first","17":"instock","18":"taxable","19":"shipping-taxable","20":"purchasable","21":"product-type-simple"},"composite_virtual":false,"composite_layout":"","composite_add_to_cart_form_location":"","composite_editable_in_cart":false,"composite_sold_individually_context":"","composite_shop_price_calc":"","composite_components":[],"composite_scenarios":[],"exclude_global_add_ons":[],"addons":[],"acf":[],"yoast_head":null,"yoast_head_json":null,"_links":{"self":[{"href":"https:\/\/www.carseatsandparts.com\/es\/wp-json\/wp\/v2\/product\/16863","targetHints":{"allow":["GET"]}}],"collection":[{"href":"https:\/\/www.carseatsandparts.com\/es\/wp-json\/wp\/v2\/product"}],"about":[{"href":"https:\/\/www.carseatsandparts.com\/es\/wp-json\/wp\/v2\/types\/product"}],"replies":[{"embeddable":true,"href":"https:\/\/www.carseatsandparts.com\/es\/wp-json\/wp\/v2\/comments?post=16863"}],"wp:featuredmedia":[{"embeddable":true,"href":"https:\/\/www.carseatsandparts.com\/es\/wp-json\/wp\/v2\/media\/16875"}],"wp:attachment":[{"href":"https:\/\/www.carseatsandparts.com\/es\/wp-json\/wp\/v2\/media?parent=16863"}],"wp:term":[{"taxonomy":"product_brand","embeddable":true,"href":"https:\/\/www.carseatsandparts.com\/es\/wp-json\/wp\/v2\/product_brand?post=16863"},{"taxonomy":"product_cat","embeddable":true,"href":"https:\/\/www.carseatsandparts.com\/es\/wp-json\/wp\/v2\/product_cat?post=16863"},{"taxonomy":"product_tag","embeddable":true,"href":"https:\/\/www.carseatsandparts.com\/es\/wp-json\/wp\/v2\/product_tag?post=16863"}],"curies":[{"name":"wp","href":"https:\/\/api.w.org\/{rel}","templated":true}]}}