{"id":16927,"date":"2025-06-10T15:47:22","date_gmt":"2025-06-10T13:47:22","guid":{"rendered":"https:\/\/www.carseatsandparts.com\/?post_type=product&#038;p=16927"},"modified":"2026-01-08T09:40:03","modified_gmt":"2026-01-08T08:40:03","slug":"sparco-steel-side-mounts","status":"publish","type":"product","link":"https:\/\/www.carseatsandparts.com\/es\/producto\/sparco-steel-side-mounts\/","title":{"rendered":"Soportes laterales de acero Sparco"},"content":{"rendered":"","protected":false},"excerpt":{"rendered":"Estos soportes laterales de acero tienen m\u00faltiples perforaciones para muchas opciones de ajuste, lo que le permite colocar el sill\u00edn en la posici\u00f3n m\u00e1s adecuada.\r\n\r\nSe adapta a los sillines de montaje lateral de Sparco, OMP, Cobra y Corbeau.\r\n\r\n<strong>Dimensiones<\/strong>\r\n<ul>\r\n \t<li>Longitud total - 400 mm<\/li>\r\n \t<li>Altura total - 140 mm<\/li>\r\n \t<li>Altura del agujero m\u00e1s bajo - 60mm<\/li>\r\n \t<li>Altura del agujero m\u00e1s alto - 120 mm<\/li>\r\n \t<li>Distancia entre orificios de montaje - 290 mm<\/li>\r\n<\/ul>\r\nSoportes laterales de acero homologados por la FIA\r\n\r\n&nbsp;","protected":false},"featured_media":16928,"comment_status":"open","ping_status":"closed","template":"","meta":{"_acf_changed":false},"product_brand":[2524],"product_cat":[2822,2518,2520],"product_tag":[1424,2523],"class_list":{"0":"post-16927","1":"product","2":"type-product","3":"status-publish","4":"has-post-thumbnail","6":"product_brand-sparco","7":"product_cat-accessoires-motorsport","8":"product_cat-motorsport","9":"product_cat-sparco","10":"product_tag-adapter","11":"product_tag-sparco","12":"product_shipping_class-onderdelen-zijwang","14":"first","15":"instock","16":"sale","17":"taxable","18":"shipping-taxable","19":"purchasable","20":"product-type-simple"},"composite_virtual":false,"composite_layout":"","composite_add_to_cart_form_location":"","composite_editable_in_cart":false,"composite_sold_individually_context":"","composite_shop_price_calc":"","composite_components":[],"composite_scenarios":[],"exclude_global_add_ons":[],"addons":[],"acf":[],"yoast_head":null,"yoast_head_json":null,"_links":{"self":[{"href":"https:\/\/www.carseatsandparts.com\/es\/wp-json\/wp\/v2\/product\/16927","targetHints":{"allow":["GET"]}}],"collection":[{"href":"https:\/\/www.carseatsandparts.com\/es\/wp-json\/wp\/v2\/product"}],"about":[{"href":"https:\/\/www.carseatsandparts.com\/es\/wp-json\/wp\/v2\/types\/product"}],"replies":[{"embeddable":true,"href":"https:\/\/www.carseatsandparts.com\/es\/wp-json\/wp\/v2\/comments?post=16927"}],"wp:featuredmedia":[{"embeddable":true,"href":"https:\/\/www.carseatsandparts.com\/es\/wp-json\/wp\/v2\/media\/16928"}],"wp:attachment":[{"href":"https:\/\/www.carseatsandparts.com\/es\/wp-json\/wp\/v2\/media?parent=16927"}],"wp:term":[{"taxonomy":"product_brand","embeddable":true,"href":"https:\/\/www.carseatsandparts.com\/es\/wp-json\/wp\/v2\/product_brand?post=16927"},{"taxonomy":"product_cat","embeddable":true,"href":"https:\/\/www.carseatsandparts.com\/es\/wp-json\/wp\/v2\/product_cat?post=16927"},{"taxonomy":"product_tag","embeddable":true,"href":"https:\/\/www.carseatsandparts.com\/es\/wp-json\/wp\/v2\/product_tag?post=16927"}],"curies":[{"name":"wp","href":"https:\/\/api.w.org\/{rel}","templated":true}]}}