{"id":17036,"date":"2025-06-23T11:06:03","date_gmt":"2025-06-23T09:06:03","guid":{"rendered":"https:\/\/www.carseatsandparts.com\/?post_type=product&#038;p=17036"},"modified":"2026-01-08T09:49:41","modified_gmt":"2026-01-08T08:49:41","slug":"sparco-quick-release","status":"publish","type":"product","link":"https:\/\/www.carseatsandparts.com\/es\/producto\/sparco-quick-release\/","title":{"rendered":"Cierre r\u00e1pido Sparco"},"content":{"rendered":"","protected":false},"excerpt":{"rendered":"- Aluminio aeroespacial mecanizado CNC - anodizado duro para mayor resistencia y fiabilidad - ranuras para montaje de 6\u00d770 mm El casquillo de cierre r\u00e1pido Sparco est\u00e1 fabricado en aluminio aeroespacial mecanizado CNC y anodizado duro para mayor resistencia y fiabilidad. Est\u00e1 dise\u00f1ado para montarse en un buje\/perno espec\u00edfico del veh\u00edculo con un perno PCD de 6\u00d770 mm y se adapta a llantas de 6 pernos de marcas como Sparco, Momo, OMP, Sabelt, Motacorsa, Mountney M range, Simoni Racing y Reverie. La ranura maestra garantiza una alineaci\u00f3n perfecta en todo momento Sistema de liberaci\u00f3n f\u00e1cil de usar para desmontar r\u00e1pidamente el manillar Cumple con la normativa de la FIA","protected":false},"featured_media":17037,"comment_status":"open","ping_status":"closed","template":"","meta":{"_acf_changed":false},"product_brand":[2524],"product_cat":[2822,2518,2520],"product_tag":[2647,2523,2637],"class_list":{"0":"post-17036","1":"product","2":"type-product","3":"status-publish","4":"has-post-thumbnail","6":"product_brand-sparco","7":"product_cat-accessoires-motorsport","8":"product_cat-motorsport","9":"product_cat-sparco","10":"product_tag-quick-release","11":"product_tag-sparco","12":"product_tag-stuurwiel","13":"product_shipping_class-onderdelen-zijwang","15":"first","16":"instock","17":"sale","18":"taxable","19":"shipping-taxable","20":"purchasable","21":"product-type-simple"},"composite_virtual":false,"composite_layout":"","composite_add_to_cart_form_location":"","composite_editable_in_cart":false,"composite_sold_individually_context":"","composite_shop_price_calc":"","composite_components":[],"composite_scenarios":[],"exclude_global_add_ons":[],"addons":[],"acf":[],"yoast_head":null,"yoast_head_json":null,"_links":{"self":[{"href":"https:\/\/www.carseatsandparts.com\/es\/wp-json\/wp\/v2\/product\/17036","targetHints":{"allow":["GET"]}}],"collection":[{"href":"https:\/\/www.carseatsandparts.com\/es\/wp-json\/wp\/v2\/product"}],"about":[{"href":"https:\/\/www.carseatsandparts.com\/es\/wp-json\/wp\/v2\/types\/product"}],"replies":[{"embeddable":true,"href":"https:\/\/www.carseatsandparts.com\/es\/wp-json\/wp\/v2\/comments?post=17036"}],"wp:featuredmedia":[{"embeddable":true,"href":"https:\/\/www.carseatsandparts.com\/es\/wp-json\/wp\/v2\/media\/17037"}],"wp:attachment":[{"href":"https:\/\/www.carseatsandparts.com\/es\/wp-json\/wp\/v2\/media?parent=17036"}],"wp:term":[{"taxonomy":"product_brand","embeddable":true,"href":"https:\/\/www.carseatsandparts.com\/es\/wp-json\/wp\/v2\/product_brand?post=17036"},{"taxonomy":"product_cat","embeddable":true,"href":"https:\/\/www.carseatsandparts.com\/es\/wp-json\/wp\/v2\/product_cat?post=17036"},{"taxonomy":"product_tag","embeddable":true,"href":"https:\/\/www.carseatsandparts.com\/es\/wp-json\/wp\/v2\/product_tag?post=17036"}],"curies":[{"name":"wp","href":"https:\/\/api.w.org\/{rel}","templated":true}]}}