{"id":17094,"date":"2025-06-25T15:00:01","date_gmt":"2025-06-25T13:00:01","guid":{"rendered":"https:\/\/www.carseatsandparts.com\/?post_type=product&#038;p=17094"},"modified":"2025-07-11T12:25:26","modified_gmt":"2025-07-11T10:25:26","slug":"afdekplaatje-schakelaar-ventilatie-c-6000-c-7000","status":"publish","type":"product","link":"https:\/\/www.carseatsandparts.com\/es\/product\/afdekplaatje-schakelaar-ventilatie-c-6000-c-7000\/","title":{"rendered":"Placa de cubierta Interruptor de ventilaci\u00f3n C 6000 y C 7000"},"content":{"rendered":"","protected":false},"excerpt":{"rendered":"Placa de cubierta para el interruptor de ventilaci\u00f3n, adecuada para la C 6000 y la C 7000. N\u00famero de art\u00edculo: 82734945-3","protected":false},"featured_media":17095,"comment_status":"open","ping_status":"closed","template":"","meta":{"_acf_changed":false},"product_brand":[],"product_cat":[116,2449,2609],"product_tag":[2812,2813,2613,1927,946],"class_list":{"0":"post-17094","1":"product","2":"type-product","3":"status-publish","4":"has-post-thumbnail","6":"product_cat-onderdelen","7":"product_cat-onderdelen-voor-vrachtautostoelen","8":"product_cat-vrachtwagenstoelen","9":"product_tag-adient","10":"product_tag-afdekkap","11":"product_tag-c-6000","12":"product_tag-c-7000","13":"product_tag-recaro","14":"product_shipping_class-onderdelen-buspakje","16":"first","17":"instock","18":"taxable","19":"shipping-taxable","20":"purchasable","21":"product-type-simple"},"composite_virtual":false,"composite_layout":"","composite_add_to_cart_form_location":"","composite_editable_in_cart":false,"composite_sold_individually_context":"","composite_shop_price_calc":"","composite_components":[],"composite_scenarios":[],"exclude_global_add_ons":[],"addons":[],"acf":[],"yoast_head":null,"yoast_head_json":null,"_links":{"self":[{"href":"https:\/\/www.carseatsandparts.com\/es\/wp-json\/wp\/v2\/product\/17094","targetHints":{"allow":["GET"]}}],"collection":[{"href":"https:\/\/www.carseatsandparts.com\/es\/wp-json\/wp\/v2\/product"}],"about":[{"href":"https:\/\/www.carseatsandparts.com\/es\/wp-json\/wp\/v2\/types\/product"}],"replies":[{"embeddable":true,"href":"https:\/\/www.carseatsandparts.com\/es\/wp-json\/wp\/v2\/comments?post=17094"}],"wp:featuredmedia":[{"embeddable":true,"href":"https:\/\/www.carseatsandparts.com\/es\/wp-json\/wp\/v2\/media\/17095"}],"wp:attachment":[{"href":"https:\/\/www.carseatsandparts.com\/es\/wp-json\/wp\/v2\/media?parent=17094"}],"wp:term":[{"taxonomy":"product_brand","embeddable":true,"href":"https:\/\/www.carseatsandparts.com\/es\/wp-json\/wp\/v2\/product_brand?post=17094"},{"taxonomy":"product_cat","embeddable":true,"href":"https:\/\/www.carseatsandparts.com\/es\/wp-json\/wp\/v2\/product_cat?post=17094"},{"taxonomy":"product_tag","embeddable":true,"href":"https:\/\/www.carseatsandparts.com\/es\/wp-json\/wp\/v2\/product_tag?post=17094"}],"curies":[{"name":"wp","href":"https:\/\/api.w.org\/{rel}","templated":true}]}}