{"id":17131,"date":"2025-06-26T12:54:47","date_gmt":"2025-06-26T10:54:47","guid":{"rendered":"https:\/\/www.carseatsandparts.com\/?post_type=product&#038;p=17131"},"modified":"2025-07-11T14:38:37","modified_gmt":"2025-07-11T12:38:37","slug":"rails-slagbereik-200mm-c6000-c7000","status":"publish","type":"product","link":"https:\/\/www.carseatsandparts.com\/es\/producto\/rails-slagbereik-200mm-c6000-c7000\/","title":{"rendered":"Carrera de los ra\u00edles 200 mm C6000 y C7000"},"content":{"rendered":"","protected":false},"excerpt":{"rendered":"Esta pieza (ra\u00edles con un recorrido de 200 mm incluyendo palanca y muelle, #13 en el despiece) est\u00e1 prevista como pieza de recambio para el asiento de cami\u00f3n C6000 &amp; C7000. Antes del montaje, compruebe que la pieza coincide con la variante y la posici\u00f3n del asiento seg\u00fan el dibujo t\u00e9cnico. N\u00famero de art\u00edculo: 82799294-4.96","protected":false},"featured_media":17132,"comment_status":"open","ping_status":"closed","template":"","meta":{"_acf_changed":false},"product_brand":[],"product_cat":[2449,2609,116],"product_tag":[2685,2613,1927],"class_list":{"0":"post-17131","1":"product","2":"type-product","3":"status-publish","4":"has-post-thumbnail","6":"product_cat-onderdelen-voor-vrachtautostoelen","7":"product_cat-vrachtwagenstoelen","8":"product_cat-onderdelen","9":"product_tag-82799294-4-96","10":"product_tag-c-6000","11":"product_tag-c-7000","12":"product_shipping_class-onderdelen-klein-pakket","14":"first","15":"onbackorder","16":"taxable","17":"shipping-taxable","18":"purchasable","19":"product-type-simple"},"composite_virtual":false,"composite_layout":"","composite_add_to_cart_form_location":"","composite_editable_in_cart":false,"composite_sold_individually_context":"","composite_shop_price_calc":"","composite_components":[],"composite_scenarios":[],"exclude_global_add_ons":[],"addons":[],"acf":[],"yoast_head":null,"yoast_head_json":null,"_links":{"self":[{"href":"https:\/\/www.carseatsandparts.com\/es\/wp-json\/wp\/v2\/product\/17131","targetHints":{"allow":["GET"]}}],"collection":[{"href":"https:\/\/www.carseatsandparts.com\/es\/wp-json\/wp\/v2\/product"}],"about":[{"href":"https:\/\/www.carseatsandparts.com\/es\/wp-json\/wp\/v2\/types\/product"}],"replies":[{"embeddable":true,"href":"https:\/\/www.carseatsandparts.com\/es\/wp-json\/wp\/v2\/comments?post=17131"}],"wp:featuredmedia":[{"embeddable":true,"href":"https:\/\/www.carseatsandparts.com\/es\/wp-json\/wp\/v2\/media\/17132"}],"wp:attachment":[{"href":"https:\/\/www.carseatsandparts.com\/es\/wp-json\/wp\/v2\/media?parent=17131"}],"wp:term":[{"taxonomy":"product_brand","embeddable":true,"href":"https:\/\/www.carseatsandparts.com\/es\/wp-json\/wp\/v2\/product_brand?post=17131"},{"taxonomy":"product_cat","embeddable":true,"href":"https:\/\/www.carseatsandparts.com\/es\/wp-json\/wp\/v2\/product_cat?post=17131"},{"taxonomy":"product_tag","embeddable":true,"href":"https:\/\/www.carseatsandparts.com\/es\/wp-json\/wp\/v2\/product_tag?post=17131"}],"curies":[{"name":"wp","href":"https:\/\/api.w.org\/{rel}","templated":true}]}}