{"id":17323,"date":"2025-07-15T08:51:15","date_gmt":"2025-07-15T06:51:15","guid":{"rendered":"https:\/\/www.carseatsandparts.com\/?post_type=product&#038;p=17323"},"modified":"2026-01-08T09:51:46","modified_gmt":"2026-01-08T08:51:46","slug":"atech-fia-stalen-zijmontage","status":"publish","type":"product","link":"https:\/\/www.carseatsandparts.com\/es\/producto\/atech-fia-stalen-zijmontage\/","title":{"rendered":"Soporte lateral de acero Atech FIA"},"content":{"rendered":"","protected":false},"excerpt":{"rendered":"Los soportes de sill\u00edn de acero Atech Racing est\u00e1n fabricados en acero de alta calidad de 3 mm cortado con l\u00e1ser para obtener un producto acabado de alta calidad.\r\n\r\nLos soportes de sill\u00edn Atech ofrecen un excelente rango de ajuste con m\u00faltiples orificios de montaje de \u00e1ngulo de asiento y m\u00faltiples opciones de posici\u00f3n de la base, para una amplia gama de ajustes de suelo y opciones de montaje.\r\n\r\nTambi\u00e9n se adaptan a asientos de Sparco, OMP, Corbeau y otras marcas.","protected":false},"featured_media":17324,"comment_status":"open","ping_status":"closed","template":"","meta":{"_acf_changed":false},"product_brand":[2210],"product_cat":[2822,2254,2518],"product_tag":[1424,2208],"class_list":{"0":"post-17323","1":"product","2":"type-product","3":"status-publish","4":"has-post-thumbnail","6":"product_brand-atech-racing","7":"product_cat-accessoires-motorsport","8":"product_cat-atech-racing-autostoelen","9":"product_cat-motorsport","10":"product_tag-adapter","11":"product_tag-atech","12":"product_shipping_class-onderdelen-zijwang","14":"first","15":"instock","16":"sale","17":"taxable","18":"shipping-taxable","19":"purchasable","20":"product-type-simple"},"composite_virtual":false,"composite_layout":"","composite_add_to_cart_form_location":"","composite_editable_in_cart":false,"composite_sold_individually_context":"","composite_shop_price_calc":"","composite_components":[],"composite_scenarios":[],"exclude_global_add_ons":[],"addons":[],"acf":[],"yoast_head":null,"yoast_head_json":null,"_links":{"self":[{"href":"https:\/\/www.carseatsandparts.com\/es\/wp-json\/wp\/v2\/product\/17323","targetHints":{"allow":["GET"]}}],"collection":[{"href":"https:\/\/www.carseatsandparts.com\/es\/wp-json\/wp\/v2\/product"}],"about":[{"href":"https:\/\/www.carseatsandparts.com\/es\/wp-json\/wp\/v2\/types\/product"}],"replies":[{"embeddable":true,"href":"https:\/\/www.carseatsandparts.com\/es\/wp-json\/wp\/v2\/comments?post=17323"}],"wp:featuredmedia":[{"embeddable":true,"href":"https:\/\/www.carseatsandparts.com\/es\/wp-json\/wp\/v2\/media\/17324"}],"wp:attachment":[{"href":"https:\/\/www.carseatsandparts.com\/es\/wp-json\/wp\/v2\/media?parent=17323"}],"wp:term":[{"taxonomy":"product_brand","embeddable":true,"href":"https:\/\/www.carseatsandparts.com\/es\/wp-json\/wp\/v2\/product_brand?post=17323"},{"taxonomy":"product_cat","embeddable":true,"href":"https:\/\/www.carseatsandparts.com\/es\/wp-json\/wp\/v2\/product_cat?post=17323"},{"taxonomy":"product_tag","embeddable":true,"href":"https:\/\/www.carseatsandparts.com\/es\/wp-json\/wp\/v2\/product_tag?post=17323"}],"curies":[{"name":"wp","href":"https:\/\/api.w.org\/{rel}","templated":true}]}}