{"id":17357,"date":"2025-07-15T10:41:51","date_gmt":"2025-07-15T08:41:51","guid":{"rendered":"https:\/\/www.carseatsandparts.com\/?post_type=product&#038;p=17357"},"modified":"2026-01-01T23:00:06","modified_gmt":"2026-01-01T22:00:06","slug":"atech-racing-350mm-90-schotel-stuur-2-spaaks","status":"publish","type":"product","link":"https:\/\/www.carseatsandparts.com\/es\/producto\/atech-racing-350mm-90-schotel-stuur-2-spaaks\/","title":{"rendered":"Volante Atech Racing 350mm 90 Dish - 2 Radios"},"content":{"rendered":"","protected":false},"excerpt":{"rendered":"El volante Atech de 3 radios en ante con plato de 350 mm por 90 mm est\u00e1 fabricado en Italia.\r\n\r\nSe trata de un volante con plato de 90 mm perfecto para los conductores m\u00e1s altos que necesitan espacio adicional entre ellos, el volante y los pedales de su coche de carreras y rally.\r\n\r\nEste volante Atech se completa con un ribete de ante. Esto no s\u00f3lo contribuye a la est\u00e9tica general del volante, sino tambi\u00e9n a la comodidad del volante en las manos del conductor.\r\n\r\nEste volante ofrece una buena relaci\u00f3n calidad-precio. Un precio barato para un volante de alta calidad utilizado por los profesionales de las carreras de todo el mundo.","protected":false},"featured_media":17359,"comment_status":"open","ping_status":"closed","template":"","meta":{"_acf_changed":false},"product_brand":[2210],"product_cat":[2822,2254,2518],"product_tag":[1424,2208,2637],"class_list":{"0":"post-17357","1":"product","2":"type-product","3":"status-publish","4":"has-post-thumbnail","6":"product_brand-atech-racing","7":"product_cat-accessoires-motorsport","8":"product_cat-atech-racing-autostoelen","9":"product_cat-motorsport","10":"product_tag-adapter","11":"product_tag-atech","12":"product_tag-stuurwiel","13":"product_shipping_class-onderdelen-zijwang","15":"first","16":"instock","17":"taxable","18":"shipping-taxable","19":"purchasable","20":"product-type-simple"},"composite_virtual":false,"composite_layout":"","composite_add_to_cart_form_location":"","composite_editable_in_cart":false,"composite_sold_individually_context":"","composite_shop_price_calc":"","composite_components":[],"composite_scenarios":[],"exclude_global_add_ons":[],"addons":[],"acf":[],"yoast_head":null,"yoast_head_json":null,"_links":{"self":[{"href":"https:\/\/www.carseatsandparts.com\/es\/wp-json\/wp\/v2\/product\/17357","targetHints":{"allow":["GET"]}}],"collection":[{"href":"https:\/\/www.carseatsandparts.com\/es\/wp-json\/wp\/v2\/product"}],"about":[{"href":"https:\/\/www.carseatsandparts.com\/es\/wp-json\/wp\/v2\/types\/product"}],"replies":[{"embeddable":true,"href":"https:\/\/www.carseatsandparts.com\/es\/wp-json\/wp\/v2\/comments?post=17357"}],"wp:featuredmedia":[{"embeddable":true,"href":"https:\/\/www.carseatsandparts.com\/es\/wp-json\/wp\/v2\/media\/17359"}],"wp:attachment":[{"href":"https:\/\/www.carseatsandparts.com\/es\/wp-json\/wp\/v2\/media?parent=17357"}],"wp:term":[{"taxonomy":"product_brand","embeddable":true,"href":"https:\/\/www.carseatsandparts.com\/es\/wp-json\/wp\/v2\/product_brand?post=17357"},{"taxonomy":"product_cat","embeddable":true,"href":"https:\/\/www.carseatsandparts.com\/es\/wp-json\/wp\/v2\/product_cat?post=17357"},{"taxonomy":"product_tag","embeddable":true,"href":"https:\/\/www.carseatsandparts.com\/es\/wp-json\/wp\/v2\/product_tag?post=17357"}],"curies":[{"name":"wp","href":"https:\/\/api.w.org\/{rel}","templated":true}]}}