{"id":17949,"date":"2025-09-11T13:52:03","date_gmt":"2025-09-11T11:52:03","guid":{"rendered":"https:\/\/www.carseatsandparts.com\/?post_type=product&#038;p=17949"},"modified":"2025-09-16T09:26:07","modified_gmt":"2025-09-16T07:26:07","slug":"aansluitkabel-scania-c-6000-c-7000","status":"publish","type":"product","link":"https:\/\/www.carseatsandparts.com\/es\/producto\/aansluitkabel-scania-c-6000-c-7000\/","title":{"rendered":"Cable de conexi\u00f3n Scania C 6000 &amp; C 7000"},"content":{"rendered":"","protected":false},"excerpt":{"rendered":"Cable de conexi\u00f3n Scania para C 6000 y C 7000. N\u00famero de art\u00edculo: 82854424-4","protected":false},"featured_media":17950,"comment_status":"open","ping_status":"closed","template":"","meta":{"_acf_changed":false},"product_brand":[1935],"product_cat":[2449,2609,116],"product_tag":[3114,2613,1927],"class_list":{"0":"post-17949","1":"product","2":"type-product","3":"status-publish","4":"has-post-thumbnail","6":"product_brand-scania","7":"product_cat-onderdelen-voor-vrachtautostoelen","8":"product_cat-vrachtwagenstoelen","9":"product_cat-onderdelen","10":"product_tag-82854424-4","11":"product_tag-c-6000","12":"product_tag-c-7000","13":"product_shipping_class-onderdelen-buspakje","15":"first","16":"instock","17":"taxable","18":"shipping-taxable","19":"purchasable","20":"product-type-simple"},"composite_virtual":false,"composite_layout":"","composite_add_to_cart_form_location":"","composite_editable_in_cart":false,"composite_sold_individually_context":"","composite_shop_price_calc":"","composite_components":[],"composite_scenarios":[],"exclude_global_add_ons":[],"addons":[],"acf":[],"yoast_head":null,"yoast_head_json":null,"_links":{"self":[{"href":"https:\/\/www.carseatsandparts.com\/es\/wp-json\/wp\/v2\/product\/17949","targetHints":{"allow":["GET"]}}],"collection":[{"href":"https:\/\/www.carseatsandparts.com\/es\/wp-json\/wp\/v2\/product"}],"about":[{"href":"https:\/\/www.carseatsandparts.com\/es\/wp-json\/wp\/v2\/types\/product"}],"replies":[{"embeddable":true,"href":"https:\/\/www.carseatsandparts.com\/es\/wp-json\/wp\/v2\/comments?post=17949"}],"wp:featuredmedia":[{"embeddable":true,"href":"https:\/\/www.carseatsandparts.com\/es\/wp-json\/wp\/v2\/media\/17950"}],"wp:attachment":[{"href":"https:\/\/www.carseatsandparts.com\/es\/wp-json\/wp\/v2\/media?parent=17949"}],"wp:term":[{"taxonomy":"product_brand","embeddable":true,"href":"https:\/\/www.carseatsandparts.com\/es\/wp-json\/wp\/v2\/product_brand?post=17949"},{"taxonomy":"product_cat","embeddable":true,"href":"https:\/\/www.carseatsandparts.com\/es\/wp-json\/wp\/v2\/product_cat?post=17949"},{"taxonomy":"product_tag","embeddable":true,"href":"https:\/\/www.carseatsandparts.com\/es\/wp-json\/wp\/v2\/product_tag?post=17949"}],"curies":[{"name":"wp","href":"https:\/\/api.w.org\/{rel}","templated":true}]}}