{"id":17967,"date":"2025-09-11T15:29:46","date_gmt":"2025-09-11T13:29:46","guid":{"rendered":"https:\/\/www.carseatsandparts.com\/?post_type=product&#038;p=17967"},"modified":"2025-09-30T16:12:44","modified_gmt":"2025-09-30T14:12:44","slug":"vrachtwagenstoel-c-6000-mercedes-actros-2-stof-zwart","status":"publish","type":"product","link":"https:\/\/www.carseatsandparts.com\/es\/producto\/vrachtwagenstoel-c-6000-mercedes-actros-2-stof-zwart\/","title":{"rendered":"Asiento Cami\u00f3n C 6000 Mercedes Actros 2 Tela Negro"},"content":{"rendered":"","protected":false},"excerpt":{"rendered":"La silla para el d\u00eda a d\u00eda, c\u00f3moda en cualquier superficie.\r\n\r\nCon el C 6000, RECARO ha puesto en el mercado un asiento b\u00e1sico que en muchos casos es suficiente para el conductor exigente en autobuses o camiones. Un asiento limpio en tapicer\u00eda neutra que armoniza con su entorno en cualquier cabina. Equipada con la m\u00e1s moderna tecnolog\u00eda en el chasis con suspensi\u00f3n neum\u00e1tica y multitud de opciones de ajuste, la silla satisface las necesidades cotidianas. Un compa\u00f1ero fiable durante muchos a\u00f1os.\r\n\r\nLos devoradores de millas, en particular, se beneficiar\u00e1n de la RECARO C 6000. Todos los controles han sido redise\u00f1ados en t\u00e9rminos de dise\u00f1o. En estrecha consulta con los conductores de prueba, los controles se han integrado en el chasis para que el conductor pueda encontrar de forma intuitiva. Con opciones est\u00e1ndar como la extensi\u00f3n del asiento, lordosis y apoyo de la pelvis, calefacci\u00f3n, cintur\u00f3n de tres puntos integrado y ajuste del \u00e1ngulo de la espalda, casi todos los conductores pueden encontrar su asiento.\r\n\r\nPor supuesto, el chasis est\u00e1 equipado con todas las opciones modernas, como amortiguaci\u00f3n vertical y horizontal, ajuste de altura con memoria y modo de salida. Una novedad es el desbloqueo de las gu\u00edas de deslizamiento. Para ello, ya no es necesario estar en la parte inferior del chasis, sino que se puede mover el asiento mediante un c\u00f3modo desbloqueo.\r\n\r\nAdecuado para el Mercedes Actros 2 (2 reposabrazos). N\u00famero de art\u00edculo: 82811412-4","protected":false},"featured_media":17557,"comment_status":"open","ping_status":"closed","template":"","meta":{"_acf_changed":false},"product_brand":[2811,1938],"product_cat":[2609,2610],"product_tag":[3090,2613,2851],"class_list":{"0":"post-17967","1":"product","2":"type-product","3":"status-publish","4":"has-post-thumbnail","6":"product_brand-adient","7":"product_brand-mercedes","8":"product_cat-vrachtwagenstoelen","9":"product_cat-vrachtwagenstoelen-vrachtwagenstoelen","10":"product_tag-82811412-4","11":"product_tag-c-6000","12":"product_tag-vruchtwagenstoel","13":"product_shipping_class-auto-stoelen","15":"first","16":"instock","17":"taxable","18":"shipping-taxable","19":"purchasable","20":"product-type-simple"},"composite_virtual":false,"composite_layout":"","composite_add_to_cart_form_location":"","composite_editable_in_cart":false,"composite_sold_individually_context":"","composite_shop_price_calc":"","composite_components":[],"composite_scenarios":[],"exclude_global_add_ons":[],"addons":[],"acf":[],"yoast_head":null,"yoast_head_json":null,"_links":{"self":[{"href":"https:\/\/www.carseatsandparts.com\/es\/wp-json\/wp\/v2\/product\/17967","targetHints":{"allow":["GET"]}}],"collection":[{"href":"https:\/\/www.carseatsandparts.com\/es\/wp-json\/wp\/v2\/product"}],"about":[{"href":"https:\/\/www.carseatsandparts.com\/es\/wp-json\/wp\/v2\/types\/product"}],"replies":[{"embeddable":true,"href":"https:\/\/www.carseatsandparts.com\/es\/wp-json\/wp\/v2\/comments?post=17967"}],"wp:featuredmedia":[{"embeddable":true,"href":"https:\/\/www.carseatsandparts.com\/es\/wp-json\/wp\/v2\/media\/17557"}],"wp:attachment":[{"href":"https:\/\/www.carseatsandparts.com\/es\/wp-json\/wp\/v2\/media?parent=17967"}],"wp:term":[{"taxonomy":"product_brand","embeddable":true,"href":"https:\/\/www.carseatsandparts.com\/es\/wp-json\/wp\/v2\/product_brand?post=17967"},{"taxonomy":"product_cat","embeddable":true,"href":"https:\/\/www.carseatsandparts.com\/es\/wp-json\/wp\/v2\/product_cat?post=17967"},{"taxonomy":"product_tag","embeddable":true,"href":"https:\/\/www.carseatsandparts.com\/es\/wp-json\/wp\/v2\/product_tag?post=17967"}],"curies":[{"name":"wp","href":"https:\/\/api.w.org\/{rel}","templated":true}]}}