{"id":17973,"date":"2025-09-11T16:41:19","date_gmt":"2025-09-11T14:41:19","guid":{"rendered":"https:\/\/www.carseatsandparts.com\/?post_type=product&#038;p=17973"},"modified":"2025-09-30T15:59:28","modified_gmt":"2025-09-30T13:59:28","slug":"vrachtwagenstoel-c-7000-renault-leder-zwart","status":"publish","type":"product","link":"https:\/\/www.carseatsandparts.com\/es\/producto\/vrachtwagenstoel-c-7000-renault-leder-zwart\/","title":{"rendered":"Asiento cami\u00f3n C 7000 Renault Cuero Negro"},"content":{"rendered":"","protected":false},"excerpt":{"rendered":"Comodidad y fiabilidad sin concesiones\r\n\r\nCon la introducci\u00f3n del C 7000, RECARO ha subido el list\u00f3n inmediatamente. No ser\u00e1 f\u00e1cil encontrar un igual. Despu\u00e9s de todo, el lugar de trabajo de un conductor de autob\u00fas o cami\u00f3n tiene que cumplir con altos est\u00e1ndares. Con el RECARO C 7000, no queda nada que desear.\r\n\r\nNo s\u00f3lo la silla supera todos los requisitos t\u00e9cnicos y ergon\u00f3micos, pero RECARO tambi\u00e9n ha tenido \u00e9xito en la producci\u00f3n de un dise\u00f1o que est\u00e1 completamente en sinton\u00eda con los tiempos. Esto demuestra no s\u00f3lo la artesan\u00eda, pero a\u00fan m\u00e1s pasi\u00f3n, pasi\u00f3n por lo que RECARO es bueno: la construcci\u00f3n de sillas.\r\n\r\nLa RECARO C 7000 no es s\u00f3lo una actualizaci\u00f3n de la C 6000. El asiento y el respaldo han sido completamente redise\u00f1ados y equipados con las opciones de ajuste m\u00e1s avanzadas disponibles. El asiento se ajusta perfectamente al cuerpo del conductor gracias a las carrilleras laterales ajustables en asiento y respaldo, zona de los hombros, pelvis y zona lumbar. Con la tapicer\u00eda transpirable 3D, la calefacci\u00f3n y la ventilaci\u00f3n tienen a\u00fan m\u00e1s valor a\u00f1adido que con la tapicer\u00eda de serie. Si todav\u00eda hay alg\u00fan conductor que no encuentra la postura correcta en esta silla, es hora de que acuda a un m\u00e9dico de cabecera.\r\n\r\nApto para Renault T, C, K. N\u00famero de art\u00edculo 82811604-4","protected":false},"featured_media":17554,"comment_status":"open","ping_status":"closed","template":"","meta":{"_acf_changed":false},"product_brand":[2811,1651],"product_cat":[2609,2610],"product_tag":[1933,1927,1932],"class_list":{"0":"post-17973","1":"product","2":"type-product","3":"status-publish","4":"has-post-thumbnail","6":"product_brand-adient","7":"product_brand-renault","8":"product_cat-vrachtwagenstoelen","9":"product_cat-vrachtwagenstoelen-vrachtwagenstoelen","10":"product_tag-82811604-4","11":"product_tag-c-7000","12":"product_tag-vrachtwagenstoel","13":"product_shipping_class-auto-stoelen","15":"first","16":"instock","17":"taxable","18":"shipping-taxable","19":"purchasable","20":"product-type-simple"},"composite_virtual":false,"composite_layout":"","composite_add_to_cart_form_location":"","composite_editable_in_cart":false,"composite_sold_individually_context":"","composite_shop_price_calc":"","composite_components":[],"composite_scenarios":[],"exclude_global_add_ons":[],"addons":[],"acf":[],"yoast_head":null,"yoast_head_json":null,"_links":{"self":[{"href":"https:\/\/www.carseatsandparts.com\/es\/wp-json\/wp\/v2\/product\/17973","targetHints":{"allow":["GET"]}}],"collection":[{"href":"https:\/\/www.carseatsandparts.com\/es\/wp-json\/wp\/v2\/product"}],"about":[{"href":"https:\/\/www.carseatsandparts.com\/es\/wp-json\/wp\/v2\/types\/product"}],"replies":[{"embeddable":true,"href":"https:\/\/www.carseatsandparts.com\/es\/wp-json\/wp\/v2\/comments?post=17973"}],"wp:featuredmedia":[{"embeddable":true,"href":"https:\/\/www.carseatsandparts.com\/es\/wp-json\/wp\/v2\/media\/17554"}],"wp:attachment":[{"href":"https:\/\/www.carseatsandparts.com\/es\/wp-json\/wp\/v2\/media?parent=17973"}],"wp:term":[{"taxonomy":"product_brand","embeddable":true,"href":"https:\/\/www.carseatsandparts.com\/es\/wp-json\/wp\/v2\/product_brand?post=17973"},{"taxonomy":"product_cat","embeddable":true,"href":"https:\/\/www.carseatsandparts.com\/es\/wp-json\/wp\/v2\/product_cat?post=17973"},{"taxonomy":"product_tag","embeddable":true,"href":"https:\/\/www.carseatsandparts.com\/es\/wp-json\/wp\/v2\/product_tag?post=17973"}],"curies":[{"name":"wp","href":"https:\/\/api.w.org\/{rel}","templated":true}]}}