{"id":18191,"date":"2025-11-19T11:29:40","date_gmt":"2025-11-19T10:29:40","guid":{"rendered":"https:\/\/www.carseatsandparts.com\/?post_type=product&#038;p=18191"},"modified":"2026-02-05T15:59:18","modified_gmt":"2026-02-05T14:59:18","slug":"achterbank-vw-golf-8-r-stof-alcantara-leder-grijs-blauw","status":"publish","type":"product","link":"https:\/\/www.carseatsandparts.com\/es\/producto\/achterbank-vw-golf-8-r-stof-alcantara-leder-grijs-blauw\/","title":{"rendered":"Banqueta trasera VW Golf 8 R Tela\/Alc\u00e1ntara\/Piel Gris\/Azul"},"content":{"rendered":"","protected":false},"excerpt":{"rendered":"Asiento trasero Volkswagen Golf 8 R acabado en tela azul y Alcantara gris con costuras azules y grises y logotipo R. Instalaci\u00f3n plug and play en un Golf 8. El interior proviene de un coche de demostraci\u00f3n y por lo tanto es tan bueno como nuevo, aparte de algunos da\u00f1os de usuario y desmontaje de luz que se puede ver en las fotos.\r\n\r\n&nbsp;\r\n\r\n&nbsp;","protected":false},"featured_media":18643,"comment_status":"open","ping_status":"closed","template":"","meta":{"_acf_changed":false},"product_brand":[1294],"product_cat":[115,1355],"product_tag":[471,974,973],"class_list":{"0":"post-18191","1":"product","2":"type-product","3":"status-publish","4":"has-post-thumbnail","6":"product_brand-volkswagen","7":"product_cat-demo-interieurs","8":"product_cat-volkswagen","9":"product_tag-471","10":"product_tag-golf-8","11":"product_tag-volkswagen","12":"product_shipping_class-auto-interieurs","14":"first","15":"instock","16":"taxable","17":"shipping-taxable","18":"purchasable","19":"product-type-simple"},"composite_virtual":false,"composite_layout":"","composite_add_to_cart_form_location":"","composite_editable_in_cart":false,"composite_sold_individually_context":"","composite_shop_price_calc":"","composite_components":[],"composite_scenarios":[],"exclude_global_add_ons":[],"addons":[],"acf":[],"yoast_head":null,"yoast_head_json":null,"_links":{"self":[{"href":"https:\/\/www.carseatsandparts.com\/es\/wp-json\/wp\/v2\/product\/18191","targetHints":{"allow":["GET"]}}],"collection":[{"href":"https:\/\/www.carseatsandparts.com\/es\/wp-json\/wp\/v2\/product"}],"about":[{"href":"https:\/\/www.carseatsandparts.com\/es\/wp-json\/wp\/v2\/types\/product"}],"replies":[{"embeddable":true,"href":"https:\/\/www.carseatsandparts.com\/es\/wp-json\/wp\/v2\/comments?post=18191"}],"wp:featuredmedia":[{"embeddable":true,"href":"https:\/\/www.carseatsandparts.com\/es\/wp-json\/wp\/v2\/media\/18643"}],"wp:attachment":[{"href":"https:\/\/www.carseatsandparts.com\/es\/wp-json\/wp\/v2\/media?parent=18191"}],"wp:term":[{"taxonomy":"product_brand","embeddable":true,"href":"https:\/\/www.carseatsandparts.com\/es\/wp-json\/wp\/v2\/product_brand?post=18191"},{"taxonomy":"product_cat","embeddable":true,"href":"https:\/\/www.carseatsandparts.com\/es\/wp-json\/wp\/v2\/product_cat?post=18191"},{"taxonomy":"product_tag","embeddable":true,"href":"https:\/\/www.carseatsandparts.com\/es\/wp-json\/wp\/v2\/product_tag?post=18191"}],"curies":[{"name":"wp","href":"https:\/\/api.w.org\/{rel}","templated":true}]}}