{"id":18205,"date":"2025-11-26T10:33:54","date_gmt":"2025-11-26T09:33:54","guid":{"rendered":"https:\/\/www.carseatsandparts.com\/?post_type=product&#038;p=18205"},"modified":"2026-01-08T09:52:30","modified_gmt":"2026-01-08T08:52:30","slug":"sparco-glijrails","status":"publish","type":"product","link":"https:\/\/www.carseatsandparts.com\/es\/producto\/sparco-glijrails\/","title":{"rendered":"Gu\u00edas Sparco"},"content":{"rendered":"","protected":false},"excerpt":{"rendered":"Este kit de gu\u00eda de asiento ajustable universal de Sparco est\u00e1 dise\u00f1ado para ser instalado en la parte inferior de los asientos Sparco con una base de montaje, lo que permite un f\u00e1cil ajuste hacia adelante y hacia atr\u00e1s. Una vez alcanzada la posici\u00f3n correcta, el mecanismo de doble bloqueo asegura que el asiento permanezca firmemente en su lugar.\r\nCaracter\u00edsticas principales:Proporciona un f\u00e1cil ajuste para asientos con base de montajeCompatible con asientos Sparco con base de montaje y otras marcas con una distancia entre pernos de 271 mm (de delante hacia atr\u00e1s)El mecanismo de doble bloqueo asegura que el asiento permanezca firmemente en su posici\u00f3n.\r\nEl producto es universal, pero dependiendo del veh\u00edculo o del asiento, puede ser necesario alg\u00fan ajuste para asegurar una correcta colocaci\u00f3n.\r\nEl producto es apto para su uso en deportes de motor, pero aseg\u00farese de comprobar la normativa espec\u00edfica de su campeonato para confirmar si este sistema es adecuado para su aplicaci\u00f3n.","protected":false},"featured_media":18207,"comment_status":"open","ping_status":"closed","template":"","meta":{"_acf_changed":false},"product_brand":[2524],"product_cat":[2822,2518,2520],"product_tag":[2523,2637],"class_list":{"0":"post-18205","1":"product","2":"type-product","3":"status-publish","4":"has-post-thumbnail","6":"product_brand-sparco","7":"product_cat-accessoires-motorsport","8":"product_cat-motorsport","9":"product_cat-sparco","10":"product_tag-sparco","11":"product_tag-stuurwiel","12":"product_shipping_class-onderdelen-middenpand","14":"first","15":"instock","16":"sale","17":"taxable","18":"shipping-taxable","19":"purchasable","20":"product-type-simple"},"composite_virtual":false,"composite_layout":"","composite_add_to_cart_form_location":"","composite_editable_in_cart":false,"composite_sold_individually_context":"","composite_shop_price_calc":"","composite_components":[],"composite_scenarios":[],"exclude_global_add_ons":[],"addons":[],"acf":[],"yoast_head":null,"yoast_head_json":null,"_links":{"self":[{"href":"https:\/\/www.carseatsandparts.com\/es\/wp-json\/wp\/v2\/product\/18205","targetHints":{"allow":["GET"]}}],"collection":[{"href":"https:\/\/www.carseatsandparts.com\/es\/wp-json\/wp\/v2\/product"}],"about":[{"href":"https:\/\/www.carseatsandparts.com\/es\/wp-json\/wp\/v2\/types\/product"}],"replies":[{"embeddable":true,"href":"https:\/\/www.carseatsandparts.com\/es\/wp-json\/wp\/v2\/comments?post=18205"}],"wp:featuredmedia":[{"embeddable":true,"href":"https:\/\/www.carseatsandparts.com\/es\/wp-json\/wp\/v2\/media\/18207"}],"wp:attachment":[{"href":"https:\/\/www.carseatsandparts.com\/es\/wp-json\/wp\/v2\/media?parent=18205"}],"wp:term":[{"taxonomy":"product_brand","embeddable":true,"href":"https:\/\/www.carseatsandparts.com\/es\/wp-json\/wp\/v2\/product_brand?post=18205"},{"taxonomy":"product_cat","embeddable":true,"href":"https:\/\/www.carseatsandparts.com\/es\/wp-json\/wp\/v2\/product_cat?post=18205"},{"taxonomy":"product_tag","embeddable":true,"href":"https:\/\/www.carseatsandparts.com\/es\/wp-json\/wp\/v2\/product_tag?post=18205"}],"curies":[{"name":"wp","href":"https:\/\/api.w.org\/{rel}","templated":true}]}}