{"id":18211,"date":"2025-11-27T08:38:56","date_gmt":"2025-11-27T07:38:56","guid":{"rendered":"https:\/\/www.carseatsandparts.com\/?post_type=product&#038;p=18211"},"modified":"2026-01-15T08:53:38","modified_gmt":"2026-01-15T07:53:38","slug":"recaro-aer-gaming","status":"publish","type":"product","link":"https:\/\/www.carseatsandparts.com\/es\/producto\/recaro-aer-gaming\/","title":{"rendered":"RECARO Aer Gaming"},"content":{"rendered":"","protected":false},"excerpt":{"rendered":"Le apoyamos, \u00a1literalmente!\r\n\r\nYa sea pura emoci\u00f3n en una situaci\u00f3n decisiva o juego relajado en un juego de estrategia: el RECARO Aer le apoya en cualquier posici\u00f3n (de asiento).\r\n\r\nEl respaldo de malla transpirable, el asiento flexiblemente ajustable y la espuma de tapicer\u00eda de alta calidad hacen del RECARO Aer su compa\u00f1ero de equipo favorito.","protected":false},"featured_media":18220,"comment_status":"open","ping_status":"closed","template":"","meta":{"_acf_changed":false},"product_brand":[1284],"product_cat":[3142,1359],"product_tag":[1516,1518,1517,3157,946],"class_list":{"0":"post-18211","1":"product","2":"type-product","3":"status-publish","4":"has-post-thumbnail","6":"product_brand-recaro","7":"product_cat-game-stoelen","8":"product_cat-recaro","9":"product_tag-bureaustoel","10":"product_tag-kantoorstoel","11":"product_tag-office-chair","12":"product_tag-r030-100-023-10-00","13":"product_tag-recaro","14":"product_shipping_class-auto-stoelen","16":"first","17":"instock","18":"taxable","19":"shipping-taxable","20":"purchasable","21":"product-type-variable"},"composite_virtual":false,"composite_layout":"","composite_add_to_cart_form_location":"","composite_editable_in_cart":false,"composite_sold_individually_context":"","composite_shop_price_calc":"","composite_components":[],"composite_scenarios":[],"exclude_global_add_ons":false,"addons":[{"name":"Mechanica","type":"multiple_choice","position":0,"required":true,"title_format":"label","default":"","description_enable":false,"description":"","placeholder_enable":false,"placeholder":"","display":"select","restrictions_type":"any_text","adjust_price":false,"price":"","price_type":"flat_fee","restrictions":false,"min":"0","max":"0","options":[{"label":"Premium synchronous mechanism","price":"","price_type":"flat_fee","image":0,"visibility":true},{"label":"Premium synchronous mechanism PLUS","price":"40","price_type":"flat_fee","image":0,"visibility":true}],"id":1764845772},{"name":"Armsteun","type":"multiple_choice","position":1,"required":true,"title_format":"label","default":"","description_enable":false,"description":"","placeholder_enable":false,"placeholder":"","display":"select","restrictions_type":"any_text","adjust_price":false,"price":"","price_type":"flat_fee","restrictions":false,"min":"0","max":"0","options":[{"label":"2D armsteun","price":"","price_type":"flat_fee","image":0,"visibility":true},{"label":"4D armsteun","price":"25","price_type":"flat_fee","image":0,"visibility":true},{"label":"5D armsteun","price":"40","price_type":"flat_fee","image":0,"visibility":true}],"id":1764845773},{"name":"Zitvlakverlenging","type":"multiple_choice","position":2,"required":true,"title_format":"label","default":"","description_enable":false,"description":"","placeholder_enable":false,"placeholder":"","display":"select","restrictions_type":"any_text","adjust_price":false,"price":"","price_type":"flat_fee","restrictions":false,"min":"0","max":"0","options":[{"label":"Vast zitkussen","price":"","price_type":"flat_fee","image":0,"visibility":true},{"label":"Zitvlakverlenging","price":"20","price_type":"flat_fee","image":0,"visibility":true}],"id":1764845774},{"name":"Zwenkwielen","type":"multiple_choice","position":3,"required":true,"title_format":"label","default":"","description_enable":false,"description":"","placeholder_enable":false,"placeholder":"","display":"select","restrictions_type":"any_text","adjust_price":false,"price":"","price_type":"flat_fee","restrictions":false,"min":"0","max":"0","options":[{"label":"Harde wielen","price":"","price_type":"flat_fee","image":0,"visibility":true},{"label":"Zachte wielen","price":"10","price_type":"flat_fee","image":0,"visibility":true}],"id":1764845775}],"acf":[],"yoast_head":null,"yoast_head_json":null,"_links":{"self":[{"href":"https:\/\/www.carseatsandparts.com\/es\/wp-json\/wp\/v2\/product\/18211","targetHints":{"allow":["GET"]}}],"collection":[{"href":"https:\/\/www.carseatsandparts.com\/es\/wp-json\/wp\/v2\/product"}],"about":[{"href":"https:\/\/www.carseatsandparts.com\/es\/wp-json\/wp\/v2\/types\/product"}],"replies":[{"embeddable":true,"href":"https:\/\/www.carseatsandparts.com\/es\/wp-json\/wp\/v2\/comments?post=18211"}],"wp:featuredmedia":[{"embeddable":true,"href":"https:\/\/www.carseatsandparts.com\/es\/wp-json\/wp\/v2\/media\/18220"}],"wp:attachment":[{"href":"https:\/\/www.carseatsandparts.com\/es\/wp-json\/wp\/v2\/media?parent=18211"}],"wp:term":[{"taxonomy":"product_brand","embeddable":true,"href":"https:\/\/www.carseatsandparts.com\/es\/wp-json\/wp\/v2\/product_brand?post=18211"},{"taxonomy":"product_cat","embeddable":true,"href":"https:\/\/www.carseatsandparts.com\/es\/wp-json\/wp\/v2\/product_cat?post=18211"},{"taxonomy":"product_tag","embeddable":true,"href":"https:\/\/www.carseatsandparts.com\/es\/wp-json\/wp\/v2\/product_tag?post=18211"}],"curies":[{"name":"wp","href":"https:\/\/api.w.org\/{rel}","templated":true}]}}