{"id":18360,"date":"2025-12-05T10:34:39","date_gmt":"2025-12-05T09:34:39","guid":{"rendered":"https:\/\/www.carseatsandparts.com\/?post_type=product&#038;p=18360"},"modified":"2025-12-05T10:41:05","modified_gmt":"2025-12-05T09:41:05","slug":"gordeldoorvoer-c6000","status":"publish","type":"product","link":"https:\/\/www.carseatsandparts.com\/es\/product\/gordeldoorvoer-c6000\/","title":{"rendered":"Ojal para cintur\u00f3n C6000"},"content":{"rendered":"","protected":false},"excerpt":{"rendered":"Esta pieza (pasacintur\u00f3n, #42 en el despiece) est\u00e1 prevista como pieza de recambio para el asiento de cami\u00f3n C7000. Antes del montaje, compruebe que la pieza coincide con la variante y la posici\u00f3n del asiento seg\u00fan el dibujo t\u00e9cnico. N\u00famero de art\u00edculo: 82897963-4.96","protected":false},"featured_media":18361,"comment_status":"open","ping_status":"closed","template":"","meta":{"_acf_changed":false},"product_brand":[],"product_cat":[116,2449,2609],"product_tag":[3195,3196],"class_list":{"0":"post-18360","1":"product","2":"type-product","3":"status-publish","4":"has-post-thumbnail","6":"product_cat-onderdelen","7":"product_cat-onderdelen-voor-vrachtautostoelen","8":"product_cat-vrachtwagenstoelen","9":"product_tag-82897963-4-96","10":"product_tag-c6000","11":"product_shipping_class-onderdelen-buspakje","13":"first","14":"instock","15":"taxable","16":"shipping-taxable","17":"purchasable","18":"product-type-simple"},"composite_virtual":false,"composite_layout":"","composite_add_to_cart_form_location":"","composite_editable_in_cart":false,"composite_sold_individually_context":"","composite_shop_price_calc":"","composite_components":[],"composite_scenarios":[],"exclude_global_add_ons":[],"addons":[],"acf":[],"yoast_head":null,"yoast_head_json":null,"_links":{"self":[{"href":"https:\/\/www.carseatsandparts.com\/es\/wp-json\/wp\/v2\/product\/18360","targetHints":{"allow":["GET"]}}],"collection":[{"href":"https:\/\/www.carseatsandparts.com\/es\/wp-json\/wp\/v2\/product"}],"about":[{"href":"https:\/\/www.carseatsandparts.com\/es\/wp-json\/wp\/v2\/types\/product"}],"replies":[{"embeddable":true,"href":"https:\/\/www.carseatsandparts.com\/es\/wp-json\/wp\/v2\/comments?post=18360"}],"wp:featuredmedia":[{"embeddable":true,"href":"https:\/\/www.carseatsandparts.com\/es\/wp-json\/wp\/v2\/media\/18361"}],"wp:attachment":[{"href":"https:\/\/www.carseatsandparts.com\/es\/wp-json\/wp\/v2\/media?parent=18360"}],"wp:term":[{"taxonomy":"product_brand","embeddable":true,"href":"https:\/\/www.carseatsandparts.com\/es\/wp-json\/wp\/v2\/product_brand?post=18360"},{"taxonomy":"product_cat","embeddable":true,"href":"https:\/\/www.carseatsandparts.com\/es\/wp-json\/wp\/v2\/product_cat?post=18360"},{"taxonomy":"product_tag","embeddable":true,"href":"https:\/\/www.carseatsandparts.com\/es\/wp-json\/wp\/v2\/product_tag?post=18360"}],"curies":[{"name":"wp","href":"https:\/\/api.w.org\/{rel}","templated":true}]}}