{"id":18935,"date":"2026-04-02T13:42:10","date_gmt":"2026-04-02T11:42:10","guid":{"rendered":"https:\/\/www.carseatsandparts.com\/?post_type=product&#038;p=18935"},"modified":"2026-04-02T15:31:26","modified_gmt":"2026-04-02T13:31:26","slug":"recaro-specialist-m-refurbished-2","status":"publish","type":"product","link":"https:\/\/www.carseatsandparts.com\/es\/product\/recaro-specialist-m-refurbished-2\/","title":{"rendered":"RECARO Especialista M Reacondicionado"},"content":{"rendered":"","protected":false},"excerpt":{"rendered":"Silla de auto RECARO Specialist M reacondicionada en tejido negro Nardo\/Artista. El asiento del coche est\u00e1 equipado con nuevas piezas de espuma, estera de resorte y otras partes cuando sea necesario. El asiento del coche est\u00e1 equipado con un reposabrazos plegable y ajustable en \u00e1ngulo. Tambi\u00e9n se ha limpiado profesionalmente y se le ha aplicado un recubrimiento repelente de la suciedad.\r\n\r\nN\u00famero de art\u00edculo: 042.00.0351","protected":false},"featured_media":18936,"comment_status":"open","ping_status":"closed","template":"","meta":{"_acf_changed":false},"product_brand":[1284],"product_cat":[1359,109],"product_tag":[1383,1278,946,1277],"class_list":{"0":"post-18935","1":"product","2":"type-product","3":"status-publish","4":"has-post-thumbnail","6":"product_brand-recaro","7":"product_cat-recaro","8":"product_cat-refurbished-autostoelen","9":"product_tag-042-00-0351","10":"product_tag-autostoel","11":"product_tag-recaro","12":"product_tag-specialist","13":"product_shipping_class-auto-stoelen","15":"first","16":"instock","17":"taxable","18":"shipping-taxable","19":"purchasable","20":"product-type-simple"},"composite_virtual":false,"composite_layout":"","composite_add_to_cart_form_location":"","composite_editable_in_cart":false,"composite_sold_individually_context":"","composite_shop_price_calc":"","composite_components":[],"composite_scenarios":[],"exclude_global_add_ons":[],"addons":[],"acf":[],"yoast_head":null,"yoast_head_json":null,"_links":{"self":[{"href":"https:\/\/www.carseatsandparts.com\/es\/wp-json\/wp\/v2\/product\/18935","targetHints":{"allow":["GET"]}}],"collection":[{"href":"https:\/\/www.carseatsandparts.com\/es\/wp-json\/wp\/v2\/product"}],"about":[{"href":"https:\/\/www.carseatsandparts.com\/es\/wp-json\/wp\/v2\/types\/product"}],"replies":[{"embeddable":true,"href":"https:\/\/www.carseatsandparts.com\/es\/wp-json\/wp\/v2\/comments?post=18935"}],"wp:featuredmedia":[{"embeddable":true,"href":"https:\/\/www.carseatsandparts.com\/es\/wp-json\/wp\/v2\/media\/18936"}],"wp:attachment":[{"href":"https:\/\/www.carseatsandparts.com\/es\/wp-json\/wp\/v2\/media?parent=18935"}],"wp:term":[{"taxonomy":"product_brand","embeddable":true,"href":"https:\/\/www.carseatsandparts.com\/es\/wp-json\/wp\/v2\/product_brand?post=18935"},{"taxonomy":"product_cat","embeddable":true,"href":"https:\/\/www.carseatsandparts.com\/es\/wp-json\/wp\/v2\/product_cat?post=18935"},{"taxonomy":"product_tag","embeddable":true,"href":"https:\/\/www.carseatsandparts.com\/es\/wp-json\/wp\/v2\/product_tag?post=18935"}],"curies":[{"name":"wp","href":"https:\/\/api.w.org\/{rel}","templated":true}]}}