{"id":6425,"date":"2021-12-08T13:15:06","date_gmt":"2021-12-08T12:15:06","guid":{"rendered":"https:\/\/www.carseatsandparts.com\/product\/recaro-pole-position-fia-velour-blue\/"},"modified":"2025-11-21T12:31:09","modified_gmt":"2025-11-21T11:31:09","slug":"recaro-pole-position-fia-velour-blue","status":"publish","type":"product","link":"https:\/\/www.carseatsandparts.com\/es\/producto\/recaro-pole-position-fia-velour-blue\/","title":{"rendered":"RECARO Pole Position FIA Velours Azul"},"content":{"rendered":"","protected":false},"excerpt":{"rendered":"RECARO Pole Position FIA acabado en terciopelo azul. Este nuevo asiento deportivo tiene una etiqueta FIA v\u00e1lida hasta 2028 y es todav\u00eda nuevo en su caja. Esta versi\u00f3n ya no est\u00e1 en el programa de entrega de RECARO, pero todav\u00eda est\u00e1 disponible aqu\u00ed hasta agotar existencias. Accesorios no incluidos. N\u00famero de art\u00edculo: 070.98.0623","protected":false},"featured_media":16573,"comment_status":"open","ping_status":"closed","template":"","meta":{"_acf_changed":false},"product_brand":[],"product_cat":[112],"product_tag":[1626,452],"class_list":{"0":"post-6425","1":"product","2":"type-product","3":"status-publish","4":"has-post-thumbnail","6":"product_cat-nieuwe-autostoelen","7":"product_tag-070-98-0623","8":"product_tag-452","9":"product_shipping_class-auto-stoelen","11":"first","12":"instock","13":"taxable","14":"shipping-taxable","15":"purchasable","16":"product-type-simple"},"composite_virtual":false,"composite_layout":"","composite_add_to_cart_form_location":"","composite_editable_in_cart":false,"composite_sold_individually_context":"","composite_shop_price_calc":"","composite_components":[],"composite_scenarios":[],"exclude_global_add_ons":[],"addons":[],"acf":[],"yoast_head":null,"yoast_head_json":null,"_links":{"self":[{"href":"https:\/\/www.carseatsandparts.com\/es\/wp-json\/wp\/v2\/product\/6425","targetHints":{"allow":["GET"]}}],"collection":[{"href":"https:\/\/www.carseatsandparts.com\/es\/wp-json\/wp\/v2\/product"}],"about":[{"href":"https:\/\/www.carseatsandparts.com\/es\/wp-json\/wp\/v2\/types\/product"}],"replies":[{"embeddable":true,"href":"https:\/\/www.carseatsandparts.com\/es\/wp-json\/wp\/v2\/comments?post=6425"}],"wp:featuredmedia":[{"embeddable":true,"href":"https:\/\/www.carseatsandparts.com\/es\/wp-json\/wp\/v2\/media\/16573"}],"wp:attachment":[{"href":"https:\/\/www.carseatsandparts.com\/es\/wp-json\/wp\/v2\/media?parent=6425"}],"wp:term":[{"taxonomy":"product_brand","embeddable":true,"href":"https:\/\/www.carseatsandparts.com\/es\/wp-json\/wp\/v2\/product_brand?post=6425"},{"taxonomy":"product_cat","embeddable":true,"href":"https:\/\/www.carseatsandparts.com\/es\/wp-json\/wp\/v2\/product_cat?post=6425"},{"taxonomy":"product_tag","embeddable":true,"href":"https:\/\/www.carseatsandparts.com\/es\/wp-json\/wp\/v2\/product_tag?post=6425"}],"curies":[{"name":"wp","href":"https:\/\/api.w.org\/{rel}","templated":true}]}}