{"id":6428,"date":"2021-12-08T13:15:07","date_gmt":"2021-12-08T12:15:07","guid":{"rendered":"https:\/\/www.carseatsandparts.com\/product\/interior-vw-golf-7-r-leather-carbon-leather-black\/"},"modified":"2025-02-15T10:12:46","modified_gmt":"2025-02-15T09:12:46","slug":"interior-vw-golf-7-r-leather-carbon-leather-black","status":"publish","type":"product","link":"https:\/\/www.carseatsandparts.com\/es\/producto\/interior-vw-golf-7-r-leather-carbon-leather-black\/","title":{"rendered":"Interior VW Golf 7 R Cuero\/Negro Carb\u00f3n"},"content":{"rendered":"","protected":false},"excerpt":{"rendered":"Interior Volkswagen Golf 7 R ejecutado en una combinaci\u00f3n de cuero negro con carbono, plug and play para instalar en un Golf 7. Los asientos tienen calefacci\u00f3n, ajuste manual de altura y respaldo y soporte lumbar manual y extensi\u00f3n del asiento. El interior proviene de un coche de demostraci\u00f3n y es tan bueno como nuevo, aparte de algunos da\u00f1os menores de desmontaje.","protected":false},"featured_media":7025,"comment_status":"open","ping_status":"closed","template":"","meta":{"_acf_changed":false},"product_brand":[],"product_cat":[115],"product_tag":[786],"class_list":{"0":"post-6428","1":"product","2":"type-product","3":"status-publish","4":"has-post-thumbnail","6":"product_cat-demo-interieurs","7":"product_tag-786","8":"product_shipping_class-auto-interieurs","10":"first","11":"outofstock","12":"taxable","13":"shipping-taxable","14":"purchasable","15":"product-type-simple"},"composite_virtual":false,"composite_layout":"","composite_add_to_cart_form_location":"","composite_editable_in_cart":false,"composite_sold_individually_context":"","composite_shop_price_calc":"","composite_components":[],"composite_scenarios":[],"exclude_global_add_ons":[],"addons":[],"acf":[],"yoast_head":null,"yoast_head_json":null,"_links":{"self":[{"href":"https:\/\/www.carseatsandparts.com\/es\/wp-json\/wp\/v2\/product\/6428","targetHints":{"allow":["GET"]}}],"collection":[{"href":"https:\/\/www.carseatsandparts.com\/es\/wp-json\/wp\/v2\/product"}],"about":[{"href":"https:\/\/www.carseatsandparts.com\/es\/wp-json\/wp\/v2\/types\/product"}],"replies":[{"embeddable":true,"href":"https:\/\/www.carseatsandparts.com\/es\/wp-json\/wp\/v2\/comments?post=6428"}],"wp:featuredmedia":[{"embeddable":true,"href":"https:\/\/www.carseatsandparts.com\/es\/wp-json\/wp\/v2\/media\/7025"}],"wp:attachment":[{"href":"https:\/\/www.carseatsandparts.com\/es\/wp-json\/wp\/v2\/media?parent=6428"}],"wp:term":[{"taxonomy":"product_brand","embeddable":true,"href":"https:\/\/www.carseatsandparts.com\/es\/wp-json\/wp\/v2\/product_brand?post=6428"},{"taxonomy":"product_cat","embeddable":true,"href":"https:\/\/www.carseatsandparts.com\/es\/wp-json\/wp\/v2\/product_cat?post=6428"},{"taxonomy":"product_tag","embeddable":true,"href":"https:\/\/www.carseatsandparts.com\/es\/wp-json\/wp\/v2\/product_tag?post=6428"}],"curies":[{"name":"wp","href":"https:\/\/api.w.org\/{rel}","templated":true}]}}