{"id":6429,"date":"2021-12-08T13:15:07","date_gmt":"2021-12-08T12:15:07","guid":{"rendered":"https:\/\/www.carseatsandparts.com\/product\/interior-vw-golf-7-gti-alcantara-fabric-grey-red\/"},"modified":"2026-01-17T03:02:58","modified_gmt":"2026-01-17T02:02:58","slug":"interior-vw-golf-7-gti-alcantara-fabric-grey-red","status":"publish","type":"product","link":"https:\/\/www.carseatsandparts.com\/es\/producto\/interior-vw-golf-7-gti-alcantara-fabric-grey-red\/","title":{"rendered":"Interior VW Golf 7 GTI TCR Alcantara\/Tejido Gris\/Rojo"},"content":{"rendered":"","protected":false},"excerpt":{"rendered":"Interior del Volkswagen 7 GTI TCR acabado en una combinaci\u00f3n de Alc\u00e1ntara\/tejido rojo. Plug and play instalar en un Golf 7, el interior proviene de un coche de demostraci\u00f3n y es tan bueno como nuevo, aparte de algunos da\u00f1os menores de desmontaje. Estos se muestran en las im\u00e1genes. Caracter\u00edsticas: ajuste manual de la altura, soporte lumbar manual y ajuste manual del respaldo. Los airbags est\u00e1n incluidos en este interior.","protected":false},"featured_media":6971,"comment_status":"open","ping_status":"closed","template":"","meta":{"_acf_changed":false},"product_brand":[],"product_cat":[115],"product_tag":[970,976,972,977,978,973],"class_list":{"0":"post-6429","1":"product","2":"type-product","3":"status-publish","4":"has-post-thumbnail","6":"product_cat-demo-interieurs","7":"product_tag-970","8":"product_tag-golf-7","9":"product_tag-interieur","10":"product_tag-mk7","11":"product_tag-tcr","12":"product_tag-volkswagen","13":"product_shipping_class-auto-interieurs","15":"first","16":"outofstock","17":"taxable","18":"shipping-taxable","19":"purchasable","20":"product-type-simple"},"composite_virtual":false,"composite_layout":"","composite_add_to_cart_form_location":"","composite_editable_in_cart":false,"composite_sold_individually_context":"","composite_shop_price_calc":"","composite_components":[],"composite_scenarios":[],"exclude_global_add_ons":[],"addons":[],"acf":[],"yoast_head":null,"yoast_head_json":null,"_links":{"self":[{"href":"https:\/\/www.carseatsandparts.com\/es\/wp-json\/wp\/v2\/product\/6429","targetHints":{"allow":["GET"]}}],"collection":[{"href":"https:\/\/www.carseatsandparts.com\/es\/wp-json\/wp\/v2\/product"}],"about":[{"href":"https:\/\/www.carseatsandparts.com\/es\/wp-json\/wp\/v2\/types\/product"}],"replies":[{"embeddable":true,"href":"https:\/\/www.carseatsandparts.com\/es\/wp-json\/wp\/v2\/comments?post=6429"}],"wp:featuredmedia":[{"embeddable":true,"href":"https:\/\/www.carseatsandparts.com\/es\/wp-json\/wp\/v2\/media\/6971"}],"wp:attachment":[{"href":"https:\/\/www.carseatsandparts.com\/es\/wp-json\/wp\/v2\/media?parent=6429"}],"wp:term":[{"taxonomy":"product_brand","embeddable":true,"href":"https:\/\/www.carseatsandparts.com\/es\/wp-json\/wp\/v2\/product_brand?post=6429"},{"taxonomy":"product_cat","embeddable":true,"href":"https:\/\/www.carseatsandparts.com\/es\/wp-json\/wp\/v2\/product_cat?post=6429"},{"taxonomy":"product_tag","embeddable":true,"href":"https:\/\/www.carseatsandparts.com\/es\/wp-json\/wp\/v2\/product_tag?post=6429"}],"curies":[{"name":"wp","href":"https:\/\/api.w.org\/{rel}","templated":true}]}}