{"id":6494,"date":"2021-12-08T13:15:23","date_gmt":"2021-12-08T12:15:23","guid":{"rendered":"https:\/\/www.carseatsandparts.com\/product\/recaro-style-ontgrendelingsmechaniek\/"},"modified":"2026-03-05T17:29:54","modified_gmt":"2026-03-05T16:29:54","slug":"recaro-style-ontgrendelingsmechaniek","status":"publish","type":"product","link":"https:\/\/www.carseatsandparts.com\/es\/product\/recaro-style-ontgrendelingsmechaniek\/","title":{"rendered":"Mecanismo de cierre estilo RECARO"},"content":{"rendered":"","protected":false},"excerpt":{"rendered":"Mecanismo de liberaci\u00f3n para el RECARO Style. N\u00famero de art\u00edculo: 400387","protected":false},"featured_media":7146,"comment_status":"open","ping_status":"closed","template":"","meta":{"_acf_changed":false},"product_brand":[],"product_cat":[117,1359],"product_tag":[406],"class_list":{"0":"post-6494","1":"product","2":"type-product","3":"status-publish","4":"has-post-thumbnail","6":"product_cat-autostoel-onderdelen","7":"product_cat-recaro","8":"product_tag-406","9":"product_shipping_class-onderdelen-buspakje","11":"first","12":"instock","13":"taxable","14":"shipping-taxable","15":"purchasable","16":"product-type-simple"},"composite_virtual":false,"composite_layout":"","composite_add_to_cart_form_location":"","composite_editable_in_cart":false,"composite_sold_individually_context":"","composite_shop_price_calc":"","composite_components":[],"composite_scenarios":[],"exclude_global_add_ons":[],"addons":[],"acf":[],"yoast_head":null,"yoast_head_json":null,"_links":{"self":[{"href":"https:\/\/www.carseatsandparts.com\/es\/wp-json\/wp\/v2\/product\/6494","targetHints":{"allow":["GET"]}}],"collection":[{"href":"https:\/\/www.carseatsandparts.com\/es\/wp-json\/wp\/v2\/product"}],"about":[{"href":"https:\/\/www.carseatsandparts.com\/es\/wp-json\/wp\/v2\/types\/product"}],"replies":[{"embeddable":true,"href":"https:\/\/www.carseatsandparts.com\/es\/wp-json\/wp\/v2\/comments?post=6494"}],"wp:featuredmedia":[{"embeddable":true,"href":"https:\/\/www.carseatsandparts.com\/es\/wp-json\/wp\/v2\/media\/7146"}],"wp:attachment":[{"href":"https:\/\/www.carseatsandparts.com\/es\/wp-json\/wp\/v2\/media?parent=6494"}],"wp:term":[{"taxonomy":"product_brand","embeddable":true,"href":"https:\/\/www.carseatsandparts.com\/es\/wp-json\/wp\/v2\/product_brand?post=6494"},{"taxonomy":"product_cat","embeddable":true,"href":"https:\/\/www.carseatsandparts.com\/es\/wp-json\/wp\/v2\/product_cat?post=6494"},{"taxonomy":"product_tag","embeddable":true,"href":"https:\/\/www.carseatsandparts.com\/es\/wp-json\/wp\/v2\/product_tag?post=6494"}],"curies":[{"name":"wp","href":"https:\/\/api.w.org\/{rel}","templated":true}]}}