{"id":6522,"date":"2021-12-08T13:15:29","date_gmt":"2021-12-08T12:15:29","guid":{"rendered":"https:\/\/www.carseatsandparts.com\/product\/recaro-hans-bescherming\/"},"modified":"2024-12-04T11:20:49","modified_gmt":"2024-12-04T10:20:49","slug":"recaro-hans-bescherming","status":"publish","type":"product","link":"https:\/\/www.carseatsandparts.com\/es\/producto\/recaro-hans-bescherming\/","title":{"rendered":"Protecci\u00f3n RECARO HANS"},"content":{"rendered":"","protected":false},"excerpt":{"rendered":"Pieza de protecci\u00f3n del sistema HANS para evitar que se da\u00f1e el asiento del coche. N\u00famero de art\u00edculo: 7213631","protected":false},"featured_media":7108,"comment_status":"open","ping_status":"closed","template":"","meta":{"_acf_changed":false},"product_brand":[],"product_cat":[120,1359],"product_tag":[381],"class_list":{"0":"post-6522","1":"product","2":"type-product","3":"status-publish","4":"has-post-thumbnail","6":"product_cat-accessoires-autostoelen","7":"product_cat-recaro","8":"product_tag-381","9":"product_shipping_class-onderdelen-buspakje","11":"first","12":"outofstock","13":"taxable","14":"shipping-taxable","15":"purchasable","16":"product-type-simple"},"composite_virtual":false,"composite_layout":"","composite_add_to_cart_form_location":"","composite_editable_in_cart":false,"composite_sold_individually_context":"","composite_shop_price_calc":"","composite_components":[],"composite_scenarios":[],"exclude_global_add_ons":[],"addons":[],"acf":[],"yoast_head":null,"yoast_head_json":null,"_links":{"self":[{"href":"https:\/\/www.carseatsandparts.com\/es\/wp-json\/wp\/v2\/product\/6522","targetHints":{"allow":["GET"]}}],"collection":[{"href":"https:\/\/www.carseatsandparts.com\/es\/wp-json\/wp\/v2\/product"}],"about":[{"href":"https:\/\/www.carseatsandparts.com\/es\/wp-json\/wp\/v2\/types\/product"}],"replies":[{"embeddable":true,"href":"https:\/\/www.carseatsandparts.com\/es\/wp-json\/wp\/v2\/comments?post=6522"}],"wp:featuredmedia":[{"embeddable":true,"href":"https:\/\/www.carseatsandparts.com\/es\/wp-json\/wp\/v2\/media\/7108"}],"wp:attachment":[{"href":"https:\/\/www.carseatsandparts.com\/es\/wp-json\/wp\/v2\/media?parent=6522"}],"wp:term":[{"taxonomy":"product_brand","embeddable":true,"href":"https:\/\/www.carseatsandparts.com\/es\/wp-json\/wp\/v2\/product_brand?post=6522"},{"taxonomy":"product_cat","embeddable":true,"href":"https:\/\/www.carseatsandparts.com\/es\/wp-json\/wp\/v2\/product_cat?post=6522"},{"taxonomy":"product_tag","embeddable":true,"href":"https:\/\/www.carseatsandparts.com\/es\/wp-json\/wp\/v2\/product_tag?post=6522"}],"curies":[{"name":"wp","href":"https:\/\/api.w.org\/{rel}","templated":true}]}}