{"id":6579,"date":"2021-12-08T13:15:42","date_gmt":"2021-12-08T12:15:42","guid":{"rendered":"https:\/\/www.carseatsandparts.com\/product\/recaro-ergomed-schuimdeel-middenbaan-zitting\/"},"modified":"2025-01-21T11:36:00","modified_gmt":"2025-01-21T10:36:00","slug":"recaro-ergomed-schuimdeel-middenbaan-zitting","status":"publish","type":"product","link":"https:\/\/www.carseatsandparts.com\/es\/producto\/recaro-ergomed-schuimdeel-middenbaan-zitting\/","title":{"rendered":"Asiento de espuma RECARO Ergomed en el centro de la pista"},"content":{"rendered":"","protected":false},"excerpt":{"rendered":"Inserci\u00f3n de espuma en la mitad de la pista RECARO Ergomed. N\u00famero de art\u00edculo: 363034","protected":false},"featured_media":9110,"comment_status":"open","ping_status":"closed","template":"","meta":{"_acf_changed":false},"product_brand":[],"product_cat":[1359,177],"product_tag":[341],"class_list":{"0":"post-6579","1":"product","2":"type-product","3":"status-publish","4":"has-post-thumbnail","6":"product_cat-recaro","7":"product_cat-zitting","8":"product_tag-341","9":"product_shipping_class-onderdelen-middenpand","11":"first","12":"onbackorder","13":"taxable","14":"shipping-taxable","15":"purchasable","16":"product-type-simple"},"composite_virtual":false,"composite_layout":"","composite_add_to_cart_form_location":"","composite_editable_in_cart":false,"composite_sold_individually_context":"","composite_shop_price_calc":"","composite_components":[],"composite_scenarios":[],"exclude_global_add_ons":[],"addons":[],"acf":[],"yoast_head":null,"yoast_head_json":null,"_links":{"self":[{"href":"https:\/\/www.carseatsandparts.com\/es\/wp-json\/wp\/v2\/product\/6579","targetHints":{"allow":["GET"]}}],"collection":[{"href":"https:\/\/www.carseatsandparts.com\/es\/wp-json\/wp\/v2\/product"}],"about":[{"href":"https:\/\/www.carseatsandparts.com\/es\/wp-json\/wp\/v2\/types\/product"}],"replies":[{"embeddable":true,"href":"https:\/\/www.carseatsandparts.com\/es\/wp-json\/wp\/v2\/comments?post=6579"}],"wp:featuredmedia":[{"embeddable":true,"href":"https:\/\/www.carseatsandparts.com\/es\/wp-json\/wp\/v2\/media\/9110"}],"wp:attachment":[{"href":"https:\/\/www.carseatsandparts.com\/es\/wp-json\/wp\/v2\/media?parent=6579"}],"wp:term":[{"taxonomy":"product_brand","embeddable":true,"href":"https:\/\/www.carseatsandparts.com\/es\/wp-json\/wp\/v2\/product_brand?post=6579"},{"taxonomy":"product_cat","embeddable":true,"href":"https:\/\/www.carseatsandparts.com\/es\/wp-json\/wp\/v2\/product_cat?post=6579"},{"taxonomy":"product_tag","embeddable":true,"href":"https:\/\/www.carseatsandparts.com\/es\/wp-json\/wp\/v2\/product_tag?post=6579"}],"curies":[{"name":"wp","href":"https:\/\/api.w.org\/{rel}","templated":true}]}}