{"id":8545,"date":"2022-01-13T11:54:17","date_gmt":"2022-01-13T10:54:17","guid":{"rendered":"https:\/\/www.carseatsandparts.com\/product\/bureaustoelonderstel-bcs-compleet-met-4-d-armsteunen\/"},"modified":"2025-10-30T12:08:49","modified_gmt":"2025-10-30T11:08:49","slug":"bureaustoelonderstel-bcs-compleet-met-4-d-armsteunen","status":"publish","type":"product","link":"https:\/\/www.carseatsandparts.com\/es\/product\/bureaustoelonderstel-bcs-compleet-met-4-d-armsteunen\/","title":{"rendered":"Base de silla giratoria BCS completa con reposabrazos 4D"},"content":{"rendered":"","protected":false},"excerpt":{"rendered":"Base de silla de oficina completa preparada para adaptarse a los asientos de coche RECARO del mercado de accesorios, pero con una peque\u00f1a adaptaci\u00f3n tambi\u00e9n es adecuada para todos los dem\u00e1s asientos de coche. Tren de rodaje completo con reposabrazos 4D. N\u00famero de art\u00edculo: 220283","protected":false},"featured_media":8534,"comment_status":"open","ping_status":"closed","template":"","meta":{"_acf_changed":false},"product_brand":[],"product_cat":[120],"product_tag":[314],"class_list":{"0":"post-8545","1":"product","2":"type-product","3":"status-publish","4":"has-post-thumbnail","6":"product_cat-accessoires-autostoelen","7":"product_tag-314","8":"product_shipping_class-auto-stoelen","10":"first","11":"instock","12":"taxable","13":"shipping-taxable","14":"purchasable","15":"product-type-simple"},"composite_virtual":false,"composite_layout":"","composite_add_to_cart_form_location":"","composite_editable_in_cart":false,"composite_sold_individually_context":"","composite_shop_price_calc":"","composite_components":[],"composite_scenarios":[],"exclude_global_add_ons":[],"addons":[],"acf":[],"yoast_head":null,"yoast_head_json":null,"_links":{"self":[{"href":"https:\/\/www.carseatsandparts.com\/es\/wp-json\/wp\/v2\/product\/8545","targetHints":{"allow":["GET"]}}],"collection":[{"href":"https:\/\/www.carseatsandparts.com\/es\/wp-json\/wp\/v2\/product"}],"about":[{"href":"https:\/\/www.carseatsandparts.com\/es\/wp-json\/wp\/v2\/types\/product"}],"replies":[{"embeddable":true,"href":"https:\/\/www.carseatsandparts.com\/es\/wp-json\/wp\/v2\/comments?post=8545"}],"wp:featuredmedia":[{"embeddable":true,"href":"https:\/\/www.carseatsandparts.com\/es\/wp-json\/wp\/v2\/media\/8534"}],"wp:attachment":[{"href":"https:\/\/www.carseatsandparts.com\/es\/wp-json\/wp\/v2\/media?parent=8545"}],"wp:term":[{"taxonomy":"product_brand","embeddable":true,"href":"https:\/\/www.carseatsandparts.com\/es\/wp-json\/wp\/v2\/product_brand?post=8545"},{"taxonomy":"product_cat","embeddable":true,"href":"https:\/\/www.carseatsandparts.com\/es\/wp-json\/wp\/v2\/product_cat?post=8545"},{"taxonomy":"product_tag","embeddable":true,"href":"https:\/\/www.carseatsandparts.com\/es\/wp-json\/wp\/v2\/product_tag?post=8545"}],"curies":[{"name":"wp","href":"https:\/\/api.w.org\/{rel}","templated":true}]}}