{"id":8550,"date":"2022-01-13T11:54:19","date_gmt":"2022-01-13T10:54:19","guid":{"rendered":"https:\/\/www.carseatsandparts.com\/product\/interior-vw-golf-7-gti-cs-alcantara-fabric-grey-honeycomb-stripes-red-white-3\/"},"modified":"2025-09-29T16:07:59","modified_gmt":"2025-09-29T14:07:59","slug":"interior-vw-golf-7-gti-cs-alcantara-fabric-grey-honeycomb-stripes-red-white-3","status":"publish","type":"product","link":"https:\/\/www.carseatsandparts.com\/es\/product\/interior-vw-golf-7-gti-cs-alcantara-fabric-grey-honeycomb-stripes-red-white-3\/","title":{"rendered":"Interior VW Golf 7 GTI CS Alc\u00e1ntara\/Tejido Gris Nido de abeja\/Rayas Rojo\/Blanco"},"content":{"rendered":"","protected":false},"excerpt":{"rendered":"Interior Volkswagen 7 GTI CS realizado en una combinaci\u00f3n de Alc\u00e1ntara\/tejido gris con interior de nido de abeja con rayas rojas. Instalaci\u00f3n plug and play en un Golf 7, el interior proviene de un coche de demostraci\u00f3n y est\u00e1 como nuevo. Caracter\u00edsticas: ajuste manual de la altura y el \u00e1ngulo, soporte lumbar manual y ajuste manual del respaldo. Los airbags est\u00e1n incluidos en este interior.","protected":false},"featured_media":8358,"comment_status":"open","ping_status":"closed","template":"","meta":{"_acf_changed":false},"product_brand":[],"product_cat":[115,1355],"product_tag":[738],"class_list":{"0":"post-8550","1":"product","2":"type-product","3":"status-publish","4":"has-post-thumbnail","6":"product_cat-demo-interieurs","7":"product_cat-volkswagen","8":"product_tag-738","9":"product_shipping_class-auto-interieurs","11":"first","12":"outofstock","13":"taxable","14":"shipping-taxable","15":"purchasable","16":"product-type-simple"},"composite_virtual":false,"composite_layout":"","composite_add_to_cart_form_location":"","composite_editable_in_cart":false,"composite_sold_individually_context":"","composite_shop_price_calc":"","composite_components":[],"composite_scenarios":[],"exclude_global_add_ons":[],"addons":[],"acf":[],"yoast_head":null,"yoast_head_json":null,"_links":{"self":[{"href":"https:\/\/www.carseatsandparts.com\/es\/wp-json\/wp\/v2\/product\/8550","targetHints":{"allow":["GET"]}}],"collection":[{"href":"https:\/\/www.carseatsandparts.com\/es\/wp-json\/wp\/v2\/product"}],"about":[{"href":"https:\/\/www.carseatsandparts.com\/es\/wp-json\/wp\/v2\/types\/product"}],"replies":[{"embeddable":true,"href":"https:\/\/www.carseatsandparts.com\/es\/wp-json\/wp\/v2\/comments?post=8550"}],"wp:featuredmedia":[{"embeddable":true,"href":"https:\/\/www.carseatsandparts.com\/es\/wp-json\/wp\/v2\/media\/8358"}],"wp:attachment":[{"href":"https:\/\/www.carseatsandparts.com\/es\/wp-json\/wp\/v2\/media?parent=8550"}],"wp:term":[{"taxonomy":"product_brand","embeddable":true,"href":"https:\/\/www.carseatsandparts.com\/es\/wp-json\/wp\/v2\/product_brand?post=8550"},{"taxonomy":"product_cat","embeddable":true,"href":"https:\/\/www.carseatsandparts.com\/es\/wp-json\/wp\/v2\/product_cat?post=8550"},{"taxonomy":"product_tag","embeddable":true,"href":"https:\/\/www.carseatsandparts.com\/es\/wp-json\/wp\/v2\/product_tag?post=8550"}],"curies":[{"name":"wp","href":"https:\/\/api.w.org\/{rel}","templated":true}]}}