{"id":8645,"date":"2022-01-25T14:27:08","date_gmt":"2022-01-25T13:27:08","guid":{"rendered":"https:\/\/www.carseatsandparts.com\/?post_type=product&#038;p=8645"},"modified":"2026-01-01T23:00:09","modified_gmt":"2026-01-01T22:00:09","slug":"interieur-bmw-m2-coupe-f87-leder-dakato-zwart-contrast-oranje","status":"publish","type":"product","link":"https:\/\/www.carseatsandparts.com\/es\/product\/interieur-bmw-m2-coupe-f87-leder-dakato-zwart-contrast-oranje\/","title":{"rendered":"Interior BMW M2 (F87) Cuero Merino\/Negro"},"content":{"rendered":"","protected":false},"excerpt":{"rendered":"Interior BMW M2 coup\u00e9 (F87) ejecutado en una combinaci\u00f3n de cuero Dakota negro con costuras naranja de contraste, los paneles est\u00e1n cubiertos con una combinaci\u00f3n de Alcantara negro con cuero negro y costuras naranja. Los asientos son ajustables el\u00e9ctricamente y plug and play para instalar en un BMW M2 (modelo F87). El interior proviene de un coche de demostraci\u00f3n y est\u00e1 como nuevo, los airbags y los cinturones no est\u00e1n incluidos.","protected":false},"featured_media":17385,"comment_status":"open","ping_status":"closed","template":"","meta":{"_acf_changed":false},"product_brand":[],"product_cat":[1356,115],"product_tag":[274,983,985,972,984],"class_list":{"0":"post-8645","1":"product","2":"type-product","3":"status-publish","4":"has-post-thumbnail","6":"product_cat-bmw","7":"product_cat-demo-interieurs","8":"product_tag-274","9":"product_tag-bmw","10":"product_tag-f87","11":"product_tag-interieur","12":"product_tag-m2","13":"product_shipping_class-auto-interieurs","15":"first","16":"instock","17":"taxable","18":"shipping-taxable","19":"purchasable","20":"product-type-simple"},"composite_virtual":false,"composite_layout":"","composite_add_to_cart_form_location":"","composite_editable_in_cart":false,"composite_sold_individually_context":"","composite_shop_price_calc":"","composite_components":[],"composite_scenarios":[],"exclude_global_add_ons":[],"addons":[],"acf":[],"yoast_head":null,"yoast_head_json":null,"_links":{"self":[{"href":"https:\/\/www.carseatsandparts.com\/es\/wp-json\/wp\/v2\/product\/8645","targetHints":{"allow":["GET"]}}],"collection":[{"href":"https:\/\/www.carseatsandparts.com\/es\/wp-json\/wp\/v2\/product"}],"about":[{"href":"https:\/\/www.carseatsandparts.com\/es\/wp-json\/wp\/v2\/types\/product"}],"replies":[{"embeddable":true,"href":"https:\/\/www.carseatsandparts.com\/es\/wp-json\/wp\/v2\/comments?post=8645"}],"wp:featuredmedia":[{"embeddable":true,"href":"https:\/\/www.carseatsandparts.com\/es\/wp-json\/wp\/v2\/media\/17385"}],"wp:attachment":[{"href":"https:\/\/www.carseatsandparts.com\/es\/wp-json\/wp\/v2\/media?parent=8645"}],"wp:term":[{"taxonomy":"product_brand","embeddable":true,"href":"https:\/\/www.carseatsandparts.com\/es\/wp-json\/wp\/v2\/product_brand?post=8645"},{"taxonomy":"product_cat","embeddable":true,"href":"https:\/\/www.carseatsandparts.com\/es\/wp-json\/wp\/v2\/product_cat?post=8645"},{"taxonomy":"product_tag","embeddable":true,"href":"https:\/\/www.carseatsandparts.com\/es\/wp-json\/wp\/v2\/product_tag?post=8645"}],"curies":[{"name":"wp","href":"https:\/\/api.w.org\/{rel}","templated":true}]}}