{"id":8710,"date":"2022-01-31T15:35:43","date_gmt":"2022-01-31T14:35:43","guid":{"rendered":"https:\/\/www.carseatsandparts.com\/?post_type=product&#038;p=8710"},"modified":"2025-05-26T08:25:08","modified_gmt":"2025-05-26T06:25:08","slug":"recaro-sr5-speed","status":"publish","type":"product","link":"https:\/\/www.carseatsandparts.com\/es\/product\/recaro-sr5-speed\/","title":{"rendered":"RECARO SR5 Speed"},"content":{"rendered":"","protected":false},"excerpt":{"rendered":"Este asiento deportivo RECARO SR5 Speed est\u00e1 tapizado en terciopelo negro con costuras rojas. Esta versi\u00f3n ya no est\u00e1 en el programa est\u00e1ndar de RECARO, pero todav\u00eda est\u00e1n disponibles aqu\u00ed, siempre y cuando las existencias. La silla est\u00e1 nueva en la caja con el pl\u00e1stico todav\u00eda alrededor. Los accesorios y complementos no se incluyen con esta silla.","protected":false},"featured_media":16563,"comment_status":"open","ping_status":"closed","template":"","meta":{"_acf_changed":false},"product_brand":[],"product_cat":[112,1359],"product_tag":[469],"class_list":{"0":"post-8710","1":"product","2":"type-product","3":"status-publish","4":"has-post-thumbnail","6":"product_cat-nieuwe-autostoelen","7":"product_cat-recaro","8":"product_tag-469","9":"product_shipping_class-auto-interieurs","11":"first","12":"onbackorder","13":"taxable","14":"shipping-taxable","15":"purchasable","16":"product-type-simple"},"composite_virtual":false,"composite_layout":"","composite_add_to_cart_form_location":"","composite_editable_in_cart":false,"composite_sold_individually_context":"","composite_shop_price_calc":"","composite_components":[],"composite_scenarios":[],"exclude_global_add_ons":[],"addons":[],"acf":[],"yoast_head":null,"yoast_head_json":null,"_links":{"self":[{"href":"https:\/\/www.carseatsandparts.com\/es\/wp-json\/wp\/v2\/product\/8710","targetHints":{"allow":["GET"]}}],"collection":[{"href":"https:\/\/www.carseatsandparts.com\/es\/wp-json\/wp\/v2\/product"}],"about":[{"href":"https:\/\/www.carseatsandparts.com\/es\/wp-json\/wp\/v2\/types\/product"}],"replies":[{"embeddable":true,"href":"https:\/\/www.carseatsandparts.com\/es\/wp-json\/wp\/v2\/comments?post=8710"}],"wp:featuredmedia":[{"embeddable":true,"href":"https:\/\/www.carseatsandparts.com\/es\/wp-json\/wp\/v2\/media\/16563"}],"wp:attachment":[{"href":"https:\/\/www.carseatsandparts.com\/es\/wp-json\/wp\/v2\/media?parent=8710"}],"wp:term":[{"taxonomy":"product_brand","embeddable":true,"href":"https:\/\/www.carseatsandparts.com\/es\/wp-json\/wp\/v2\/product_brand?post=8710"},{"taxonomy":"product_cat","embeddable":true,"href":"https:\/\/www.carseatsandparts.com\/es\/wp-json\/wp\/v2\/product_cat?post=8710"},{"taxonomy":"product_tag","embeddable":true,"href":"https:\/\/www.carseatsandparts.com\/es\/wp-json\/wp\/v2\/product_tag?post=8710"}],"curies":[{"name":"wp","href":"https:\/\/api.w.org\/{rel}","templated":true}]}}