{"id":8862,"date":"2022-02-07T08:28:57","date_gmt":"2022-02-07T07:28:57","guid":{"rendered":"https:\/\/www.carseatsandparts.com\/?post_type=product&#038;p=8862"},"modified":"2024-12-04T11:21:02","modified_gmt":"2024-12-04T10:21:02","slug":"interieur-bmw-m4-coupe","status":"publish","type":"product","link":"https:\/\/www.carseatsandparts.com\/es\/producto\/interieur-bmw-m4-coupe\/","title":{"rendered":"Interior del BMW M4 Coup\u00e9"},"content":{"rendered":"","protected":false},"excerpt":{"rendered":"El interior del BMW M4 Coupe es un interior completo que incluye 2 asientos deportivos de cubo, 2 paneles de puerta, consola central y un estante de sombrero. El interior proviene de un coche de demostraci\u00f3n y est\u00e1 como nuevo. Los accesorios como los cinturones de seguridad y los airbags no est\u00e1n incluidos.","protected":false},"featured_media":8872,"comment_status":"open","ping_status":"closed","template":"","meta":{"_acf_changed":false},"product_brand":[],"product_cat":[1356,115],"product_tag":[465],"class_list":{"0":"post-8862","1":"product","2":"type-product","3":"status-publish","4":"has-post-thumbnail","6":"product_cat-bmw","7":"product_cat-demo-interieurs","8":"product_tag-465","9":"product_shipping_class-auto-interieurs","11":"first","12":"outofstock","13":"taxable","14":"shipping-taxable","15":"purchasable","16":"product-type-simple"},"composite_virtual":false,"composite_layout":"","composite_add_to_cart_form_location":"","composite_editable_in_cart":false,"composite_sold_individually_context":"","composite_shop_price_calc":"","composite_components":[],"composite_scenarios":[],"exclude_global_add_ons":[],"addons":[],"acf":[],"yoast_head":null,"yoast_head_json":null,"_links":{"self":[{"href":"https:\/\/www.carseatsandparts.com\/es\/wp-json\/wp\/v2\/product\/8862","targetHints":{"allow":["GET"]}}],"collection":[{"href":"https:\/\/www.carseatsandparts.com\/es\/wp-json\/wp\/v2\/product"}],"about":[{"href":"https:\/\/www.carseatsandparts.com\/es\/wp-json\/wp\/v2\/types\/product"}],"replies":[{"embeddable":true,"href":"https:\/\/www.carseatsandparts.com\/es\/wp-json\/wp\/v2\/comments?post=8862"}],"wp:featuredmedia":[{"embeddable":true,"href":"https:\/\/www.carseatsandparts.com\/es\/wp-json\/wp\/v2\/media\/8872"}],"wp:attachment":[{"href":"https:\/\/www.carseatsandparts.com\/es\/wp-json\/wp\/v2\/media?parent=8862"}],"wp:term":[{"taxonomy":"product_brand","embeddable":true,"href":"https:\/\/www.carseatsandparts.com\/es\/wp-json\/wp\/v2\/product_brand?post=8862"},{"taxonomy":"product_cat","embeddable":true,"href":"https:\/\/www.carseatsandparts.com\/es\/wp-json\/wp\/v2\/product_cat?post=8862"},{"taxonomy":"product_tag","embeddable":true,"href":"https:\/\/www.carseatsandparts.com\/es\/wp-json\/wp\/v2\/product_tag?post=8862"}],"curies":[{"name":"wp","href":"https:\/\/api.w.org\/{rel}","templated":true}]}}