{"id":8922,"date":"2022-02-07T11:55:02","date_gmt":"2022-02-07T10:55:02","guid":{"rendered":"https:\/\/www.carseatsandparts.com\/?post_type=product&#038;p=8922"},"modified":"2024-12-04T11:21:02","modified_gmt":"2024-12-04T10:21:02","slug":"universeel-luchtgeveerd-pakket-12v","status":"publish","type":"product","link":"https:\/\/www.carseatsandparts.com\/es\/product\/universeel-luchtgeveerd-pakket-12v\/","title":{"rendered":"Pack de suspensi\u00f3n neum\u00e1tica universal 12V"},"content":{"rendered":"<p>Paquete de suspensi\u00f3n neum\u00e1tica universal versi\u00f3n de 12 voltios.<\/p>","protected":false},"excerpt":{"rendered":"Se trata de un paquete de suspensi\u00f3n neum\u00e1tica universal que es completamente nuevo y todav\u00eda sale del pl\u00e1stico.","protected":false},"featured_media":8923,"comment_status":"open","ping_status":"closed","template":"","meta":{"_acf_changed":false},"product_brand":[],"product_cat":[120],"product_tag":[464],"class_list":{"0":"post-8922","1":"product","2":"type-product","3":"status-publish","4":"has-post-thumbnail","6":"product_cat-accessoires-autostoelen","7":"product_tag-464","8":"product_shipping_class-auto-stoelen","10":"first","11":"instock","12":"taxable","13":"shipping-taxable","14":"purchasable","15":"product-type-simple"},"composite_virtual":false,"composite_layout":"","composite_add_to_cart_form_location":"","composite_editable_in_cart":false,"composite_sold_individually_context":"","composite_shop_price_calc":"","composite_components":[],"composite_scenarios":[],"exclude_global_add_ons":[],"addons":[],"acf":[],"yoast_head":null,"yoast_head_json":null,"_links":{"self":[{"href":"https:\/\/www.carseatsandparts.com\/es\/wp-json\/wp\/v2\/product\/8922","targetHints":{"allow":["GET"]}}],"collection":[{"href":"https:\/\/www.carseatsandparts.com\/es\/wp-json\/wp\/v2\/product"}],"about":[{"href":"https:\/\/www.carseatsandparts.com\/es\/wp-json\/wp\/v2\/types\/product"}],"replies":[{"embeddable":true,"href":"https:\/\/www.carseatsandparts.com\/es\/wp-json\/wp\/v2\/comments?post=8922"}],"wp:featuredmedia":[{"embeddable":true,"href":"https:\/\/www.carseatsandparts.com\/es\/wp-json\/wp\/v2\/media\/8923"}],"wp:attachment":[{"href":"https:\/\/www.carseatsandparts.com\/es\/wp-json\/wp\/v2\/media?parent=8922"}],"wp:term":[{"taxonomy":"product_brand","embeddable":true,"href":"https:\/\/www.carseatsandparts.com\/es\/wp-json\/wp\/v2\/product_brand?post=8922"},{"taxonomy":"product_cat","embeddable":true,"href":"https:\/\/www.carseatsandparts.com\/es\/wp-json\/wp\/v2\/product_cat?post=8922"},{"taxonomy":"product_tag","embeddable":true,"href":"https:\/\/www.carseatsandparts.com\/es\/wp-json\/wp\/v2\/product_tag?post=8922"}],"curies":[{"name":"wp","href":"https:\/\/api.w.org\/{rel}","templated":true}]}}