{"id":9635,"date":"2022-06-22T09:53:32","date_gmt":"2022-06-22T07:53:32","guid":{"rendered":"https:\/\/www.carseatsandparts.com\/?post_type=product&#038;p=9635"},"modified":"2024-12-04T11:21:05","modified_gmt":"2024-12-04T10:21:05","slug":"interieur-vw-golf-8-r-leder-zwart-grijs-stiksel-kopie","status":"publish","type":"product","link":"https:\/\/www.carseatsandparts.com\/es\/product\/interieur-vw-golf-8-r-leder-zwart-grijs-stiksel-kopie\/","title":{"rendered":"Interior VW Golf 8 R Cuero Negro\/Gris Costura"},"content":{"rendered":"","protected":false},"excerpt":{"rendered":"Interior Volkswagen Golf 8 R realizado en una combinaci\u00f3n de cuero negro con costuras grises, Plug and play instalar en un Golf 8, el interior proviene de un coche de demostraci\u00f3n y est\u00e1 como nuevo. El asiento del conductor tiene las siguientes caracter\u00edsticas: memoria, ajuste el\u00e9ctrico de \u00e1ngulo y altura, lumbar y de respaldo el\u00e9ctrico. El asiento del acompa\u00f1ante no tiene memoria, pero s\u00ed todas las dem\u00e1s funciones que tiene el asiento del conductor. Los airbags est\u00e1n incluidos en este interior.","protected":false},"featured_media":10590,"comment_status":"open","ping_status":"closed","template":"","meta":{"_acf_changed":false},"product_brand":[],"product_cat":[115,1355],"product_tag":[],"class_list":{"0":"post-9635","1":"product","2":"type-product","3":"status-publish","4":"has-post-thumbnail","6":"product_cat-demo-interieurs","7":"product_cat-volkswagen","8":"product_shipping_class-auto-interieurs","10":"first","11":"outofstock","12":"taxable","13":"shipping-taxable","14":"purchasable","15":"product-type-simple"},"composite_virtual":false,"composite_layout":"","composite_add_to_cart_form_location":"","composite_editable_in_cart":false,"composite_sold_individually_context":"","composite_shop_price_calc":"","composite_components":[],"composite_scenarios":[],"exclude_global_add_ons":[],"addons":[],"acf":[],"yoast_head":null,"yoast_head_json":null,"_links":{"self":[{"href":"https:\/\/www.carseatsandparts.com\/es\/wp-json\/wp\/v2\/product\/9635","targetHints":{"allow":["GET"]}}],"collection":[{"href":"https:\/\/www.carseatsandparts.com\/es\/wp-json\/wp\/v2\/product"}],"about":[{"href":"https:\/\/www.carseatsandparts.com\/es\/wp-json\/wp\/v2\/types\/product"}],"replies":[{"embeddable":true,"href":"https:\/\/www.carseatsandparts.com\/es\/wp-json\/wp\/v2\/comments?post=9635"}],"wp:featuredmedia":[{"embeddable":true,"href":"https:\/\/www.carseatsandparts.com\/es\/wp-json\/wp\/v2\/media\/10590"}],"wp:attachment":[{"href":"https:\/\/www.carseatsandparts.com\/es\/wp-json\/wp\/v2\/media?parent=9635"}],"wp:term":[{"taxonomy":"product_brand","embeddable":true,"href":"https:\/\/www.carseatsandparts.com\/es\/wp-json\/wp\/v2\/product_brand?post=9635"},{"taxonomy":"product_cat","embeddable":true,"href":"https:\/\/www.carseatsandparts.com\/es\/wp-json\/wp\/v2\/product_cat?post=9635"},{"taxonomy":"product_tag","embeddable":true,"href":"https:\/\/www.carseatsandparts.com\/es\/wp-json\/wp\/v2\/product_tag?post=9635"}],"curies":[{"name":"wp","href":"https:\/\/api.w.org\/{rel}","templated":true}]}}