{"id":10179,"date":"2022-11-17T09:56:54","date_gmt":"2022-11-17T08:56:54","guid":{"rendered":"https:\/\/www.carseatsandparts.com\/?post_type=product&#038;p=10179"},"modified":"2024-12-04T11:21:09","modified_gmt":"2024-12-04T10:21:09","slug":"vergrendelveer-standaard-recaro-hoofdsteun","status":"publish","type":"product","link":"https:\/\/www.carseatsandparts.com\/fr\/produit\/vergrendelveer-standaard-recaro-hoofdsteun\/","title":{"rendered":"Ressort de verrouillage Appui-t\u00eate RECARO standard"},"content":{"rendered":"<p>Ressort de blocage de l'appui-t\u00eate standard RECARO. Convient aux mod\u00e8les RECARO Specialist, Expert, Speed, Orthop\u00e4d et Ergomed. Num\u00e9ro d'article 365145<\/p>","protected":false},"excerpt":{"rendered":"Ressort de verrouillage de l'appui-t\u00eate RECARO standard.","protected":false},"featured_media":10182,"comment_status":"open","ping_status":"closed","template":"","meta":{"_acf_changed":false},"product_brand":[],"product_cat":[1359,117],"product_tag":[923],"class_list":{"0":"post-10179","1":"product","2":"type-product","3":"status-publish","4":"has-post-thumbnail","6":"product_cat-recaro","7":"product_cat-autostoel-onderdelen","8":"product_tag-923","9":"product_shipping_class-onderdelen-buspakje","11":"first","12":"instock","13":"taxable","14":"shipping-taxable","15":"purchasable","16":"product-type-simple"},"composite_virtual":false,"composite_layout":"","composite_add_to_cart_form_location":"","composite_editable_in_cart":false,"composite_sold_individually_context":"","composite_shop_price_calc":"","composite_components":[],"composite_scenarios":[],"exclude_global_add_ons":[],"addons":[],"acf":[],"yoast_head":null,"yoast_head_json":null,"_links":{"self":[{"href":"https:\/\/www.carseatsandparts.com\/fr\/wp-json\/wp\/v2\/product\/10179","targetHints":{"allow":["GET"]}}],"collection":[{"href":"https:\/\/www.carseatsandparts.com\/fr\/wp-json\/wp\/v2\/product"}],"about":[{"href":"https:\/\/www.carseatsandparts.com\/fr\/wp-json\/wp\/v2\/types\/product"}],"replies":[{"embeddable":true,"href":"https:\/\/www.carseatsandparts.com\/fr\/wp-json\/wp\/v2\/comments?post=10179"}],"wp:featuredmedia":[{"embeddable":true,"href":"https:\/\/www.carseatsandparts.com\/fr\/wp-json\/wp\/v2\/media\/10182"}],"wp:attachment":[{"href":"https:\/\/www.carseatsandparts.com\/fr\/wp-json\/wp\/v2\/media?parent=10179"}],"wp:term":[{"taxonomy":"product_brand","embeddable":true,"href":"https:\/\/www.carseatsandparts.com\/fr\/wp-json\/wp\/v2\/product_brand?post=10179"},{"taxonomy":"product_cat","embeddable":true,"href":"https:\/\/www.carseatsandparts.com\/fr\/wp-json\/wp\/v2\/product_cat?post=10179"},{"taxonomy":"product_tag","embeddable":true,"href":"https:\/\/www.carseatsandparts.com\/fr\/wp-json\/wp\/v2\/product_tag?post=10179"}],"curies":[{"name":"wp","href":"https:\/\/api.w.org\/{rel}","templated":true}]}}