{"id":10183,"date":"2022-11-17T10:01:05","date_gmt":"2022-11-17T09:01:05","guid":{"rendered":"https:\/\/www.carseatsandparts.com\/?post_type=product&#038;p=10183"},"modified":"2024-12-04T11:21:09","modified_gmt":"2024-12-04T10:21:09","slug":"geleider-vergrendelveer-standaard-recaro-hoofdsteun","status":"publish","type":"product","link":"https:\/\/www.carseatsandparts.com\/fr\/product\/geleider-vergrendelveer-standaard-recaro-hoofdsteun\/","title":{"rendered":"Guide Ressort de verrouillage Appui-t\u00eate RECARO standard"},"content":{"rendered":"<p>Guide pour le ressort de blocage de l'appui-t\u00eate standard RECARO. Convient aux mod\u00e8les RECARO Specialist, Expert, Speed, Orthop\u00e4d et Ergomed. Num\u00e9ro d'article 035.02.028.00<\/p>","protected":false},"excerpt":{"rendered":"Guide pour le ressort de verrouillage de l'appui-t\u00eate RECARO standard.","protected":false},"featured_media":10184,"comment_status":"open","ping_status":"closed","template":"","meta":{"_acf_changed":false},"product_brand":[],"product_cat":[117,1359],"product_tag":[922],"class_list":{"0":"post-10183","1":"product","2":"type-product","3":"status-publish","4":"has-post-thumbnail","6":"product_cat-autostoel-onderdelen","7":"product_cat-recaro","8":"product_tag-035-02-028-00","9":"product_shipping_class-onderdelen-buspakje","11":"first","12":"instock","13":"taxable","14":"shipping-taxable","15":"purchasable","16":"product-type-simple"},"composite_virtual":false,"composite_layout":"","composite_add_to_cart_form_location":"","composite_editable_in_cart":false,"composite_sold_individually_context":"","composite_shop_price_calc":"","composite_components":[],"composite_scenarios":[],"exclude_global_add_ons":[],"addons":[],"acf":[],"yoast_head":null,"yoast_head_json":null,"_links":{"self":[{"href":"https:\/\/www.carseatsandparts.com\/fr\/wp-json\/wp\/v2\/product\/10183","targetHints":{"allow":["GET"]}}],"collection":[{"href":"https:\/\/www.carseatsandparts.com\/fr\/wp-json\/wp\/v2\/product"}],"about":[{"href":"https:\/\/www.carseatsandparts.com\/fr\/wp-json\/wp\/v2\/types\/product"}],"replies":[{"embeddable":true,"href":"https:\/\/www.carseatsandparts.com\/fr\/wp-json\/wp\/v2\/comments?post=10183"}],"wp:featuredmedia":[{"embeddable":true,"href":"https:\/\/www.carseatsandparts.com\/fr\/wp-json\/wp\/v2\/media\/10184"}],"wp:attachment":[{"href":"https:\/\/www.carseatsandparts.com\/fr\/wp-json\/wp\/v2\/media?parent=10183"}],"wp:term":[{"taxonomy":"product_brand","embeddable":true,"href":"https:\/\/www.carseatsandparts.com\/fr\/wp-json\/wp\/v2\/product_brand?post=10183"},{"taxonomy":"product_cat","embeddable":true,"href":"https:\/\/www.carseatsandparts.com\/fr\/wp-json\/wp\/v2\/product_cat?post=10183"},{"taxonomy":"product_tag","embeddable":true,"href":"https:\/\/www.carseatsandparts.com\/fr\/wp-json\/wp\/v2\/product_tag?post=10183"}],"curies":[{"name":"wp","href":"https:\/\/api.w.org\/{rel}","templated":true}]}}